{"id":49,"date":"2020-09-07T23:31:14","date_gmt":"2020-09-07T23:31:14","guid":{"rendered":"https:\/\/www.centrumedukacjihumanistycznej.us.edu.pl\/?page_id=49"},"modified":"2020-09-07T23:31:14","modified_gmt":"2020-09-07T23:31:14","slug":"wspolpraca-2","status":"publish","type":"page","link":"https:\/\/www.icbeh.us.edu.pl\/?page_id=49","title":{"rendered":"WSP\u00d3\u0141PRACA"},"content":{"rendered":"<p>Podstrona w budowie. Zapraszamy wkr\u00f3tce.<\/p>\n","protected":false},"excerpt":{"rendered":"<p>Podstrona w budowie. Zapraszamy wkr\u00f3tce.<\/p>\n","protected":false},"author":1,"featured_media":0,"parent":0,"menu_order":0,"comment_status":"closed","ping_status":"closed","template":"","meta":{"footnotes":""},"class_list":["post-49","page","type-page","status-publish","hentry"],"_links":{"self":[{"href":"https:\/\/www.icbeh.us.edu.pl\/index.php?rest_route=\/wp\/v2\/pages\/49","targetHints":{"allow":["GET"]}}],"collection":[{"href":"https:\/\/www.icbeh.us.edu.pl\/index.php?rest_route=\/wp\/v2\/pages"}],"about":[{"href":"https:\/\/www.icbeh.us.edu.pl\/index.php?rest_route=\/wp\/v2\/types\/page"}],"author":[{"embeddable":true,"href":"https:\/\/www.icbeh.us.edu.pl\/index.php?rest_route=\/wp\/v2\/users\/1"}],"replies":[{"embeddable":true,"href":"https:\/\/www.icbeh.us.edu.pl\/index.php?rest_route=%2Fwp%2Fv2%2Fcomments&post=49"}],"version-history":[{"count":1,"href":"https:\/\/www.icbeh.us.edu.pl\/index.php?rest_route=\/wp\/v2\/pages\/49\/revisions"}],"predecessor-version":[{"id":50,"href":"https:\/\/www.icbeh.us.edu.pl\/index.php?rest_route=\/wp\/v2\/pages\/49\/revisions\/50"}],"wp:attachment":[{"href":"https:\/\/www.icbeh.us.edu.pl\/index.php?rest_route=%2Fwp%2Fv2%2Fmedia&parent=49"}],"curies":[{"name":"wp","href":"https:\/\/api.w.org\/{rel}","templated":true}]}}