{"id":41,"date":"2020-09-07T23:11:26","date_gmt":"2020-09-07T23:11:26","guid":{"rendered":"https:\/\/www.centrumedukacjihumanistycznej.us.edu.pl\/?page_id=41"},"modified":"2025-01-29T11:45:57","modified_gmt":"2025-01-29T11:45:57","slug":"kontakt","status":"publish","type":"page","link":"https:\/\/www.icbeh.us.edu.pl\/?page_id=41","title":{"rendered":"KONTAKT"},"content":{"rendered":"<p><span data-contrast=\"auto\">Interdyscyplinarne Centrum Bada\u0144 nad Edukacj\u0105 Humanistyczn\u0105,<\/span><\/p>\n<p><span data-contrast=\"auto\">Uniwersytecka 4,<br \/>\n<\/span><\/p>\n<p><span data-contrast=\"auto\">pok\u00f3j C0.17<\/span><\/p>\n<p><span data-contrast=\"auto\">e-mail: <\/span><a href=\"mailto:icbeh@us.edu.pl\"><span data-contrast=\"none\">icbeh@us.edu.pl<\/span><\/a><span data-ccp-props=\"{&quot;201341983&quot;:0,&quot;335559739&quot;:160,&quot;335559740&quot;:276}\">\u00a0<\/span><\/p>\n","protected":false},"excerpt":{"rendered":"<p>Interdyscyplinarne Centrum Bada\u0144 nad Edukacj\u0105 Humanistyczn\u0105, Uniwersytecka 4, pok\u00f3j C0.17 e-mail: icbeh@us.edu.pl\u00a0<\/p>\n","protected":false},"author":1,"featured_media":0,"parent":0,"menu_order":0,"comment_status":"closed","ping_status":"closed","template":"","meta":{"footnotes":""},"class_list":["post-41","page","type-page","status-publish","hentry"],"_links":{"self":[{"href":"https:\/\/www.icbeh.us.edu.pl\/index.php?rest_route=\/wp\/v2\/pages\/41","targetHints":{"allow":["GET"]}}],"collection":[{"href":"https:\/\/www.icbeh.us.edu.pl\/index.php?rest_route=\/wp\/v2\/pages"}],"about":[{"href":"https:\/\/www.icbeh.us.edu.pl\/index.php?rest_route=\/wp\/v2\/types\/page"}],"author":[{"embeddable":true,"href":"https:\/\/www.icbeh.us.edu.pl\/index.php?rest_route=\/wp\/v2\/users\/1"}],"replies":[{"embeddable":true,"href":"https:\/\/www.icbeh.us.edu.pl\/index.php?rest_route=%2Fwp%2Fv2%2Fcomments&post=41"}],"version-history":[{"count":2,"href":"https:\/\/www.icbeh.us.edu.pl\/index.php?rest_route=\/wp\/v2\/pages\/41\/revisions"}],"predecessor-version":[{"id":466,"href":"https:\/\/www.icbeh.us.edu.pl\/index.php?rest_route=\/wp\/v2\/pages\/41\/revisions\/466"}],"wp:attachment":[{"href":"https:\/\/www.icbeh.us.edu.pl\/index.php?rest_route=%2Fwp%2Fv2%2Fmedia&parent=41"}],"curies":[{"name":"wp","href":"https:\/\/api.w.org\/{rel}","templated":true}]}}