{"id":35,"date":"2020-09-07T23:09:06","date_gmt":"2020-09-07T23:09:06","guid":{"rendered":"https:\/\/www.centrumedukacjihumanistycznej.us.edu.pl\/?page_id=35"},"modified":"2020-09-07T23:09:06","modified_gmt":"2020-09-07T23:09:06","slug":"polonistyczne-kolo-naukowe-bakalarz","status":"publish","type":"page","link":"https:\/\/www.icbeh.us.edu.pl\/?page_id=35","title":{"rendered":"Polonistyczne Ko\u0142o Naukowe \u201cBaka\u0142arz\u201d"},"content":{"rendered":"<p><span data-contrast=\"auto\">O KOLE<\/span><span data-ccp-props=\"{&quot;201341983&quot;:0,&quot;335559739&quot;:160,&quot;335559740&quot;:259}\">\u00a0<\/span><\/p>\n<p><span data-contrast=\"auto\">Zosta\u0142o za\u0142o\u017cone w 2008 roku z inspiracji pierwszych cz\u0142onki\u0144 Ko\u0142a: Karolina <\/span><span data-contrast=\"auto\">Grabo\u0144<\/span><span data-contrast=\"auto\"> i Kinga Bajerska. W kwestiach formalnych wspomaga\u0142a je Marta <\/span><span data-contrast=\"auto\">Kubarek<\/span><span data-contrast=\"auto\">.<\/span><span data-ccp-props=\"{&quot;201341983&quot;:0,&quot;335559739&quot;:160,&quot;335559740&quot;:259}\">\u00a0<\/span><\/p>\n<p><span data-contrast=\"auto\">Od pocz\u0105tku istnienia opiekunk\u0105 Ko\u0142a jest dr Anna Guzy. Na pierwszych spotkaniach by\u0142o ponad 20 os\u00f3b, obecnie w Kole dzia\u0142a aktywnie 10 cz\u0142onk\u00f3w. Spotkania odbywaj\u0105 si\u0119 kilka razy w miesi\u0105cu od pa\u017adziernika do <\/span><span data-contrast=\"auto\">maja<\/span><span data-contrast=\"auto\">. Interdyscyplinarne Ko\u0142o,<\/span> <span data-contrast=\"auto\">zrzesza student\u00f3w z r\u00f3\u017cnych kierunk\u00f3w, m.in. filologii polskiej, komunikacji promocyjnej i kryzysowej, pedagogiki i psychologii oraz szeroko poj\u0119tych nauk spo\u0142ecznych. Dzi\u0119ki udzia\u0142owi w spotkaniach cz\u0142onkinie Ko\u0142a rozwijaj\u0105 swoje zainteresowania i pasje.<\/span><span data-ccp-props=\"{&quot;201341983&quot;:0,&quot;335559739&quot;:160,&quot;335559740&quot;:259}\">\u00a0<\/span><\/p>\n<p><span data-contrast=\"auto\">Ko\u0142o podejmuje pr\u00f3b\u0119 rozwijania zainteresowa\u0144 uczestnik\u00f3w w zakresie umiej\u0119tno\u015bci poprawnej komunikacji mi\u0119dzyludzkiej oraz psychologii po\u0142\u0105czonej z wiedz\u0105 j\u0119zykow\u0105. Cz\u0142onkinie nie zapominaj\u0105 tak\u017ce o w\u0142asnym rozwoju. Na spotkaniach Ko\u0142a mo\u017cna nie tylko zyska\u0107 konkretn\u0105 wiedz\u0119 i rozwija\u0107 umiej\u0119tno\u015bci przydatne zar\u00f3wno w pracy nauczyciela polonisty, jak i w \u017cyciu codziennym.<\/span><span data-ccp-props=\"{&quot;201341983&quot;:0,&quot;335559739&quot;:160,&quot;335559740&quot;:259}\">\u00a0<\/span><\/p>\n<p><span data-contrast=\"auto\">Ko\u0142o cz\u0119sto zaprasza na swoje spotkania ekspert\u00f3w i specjalist\u00f3w, kt\u00f3rzy prowadz\u0105 dla nas warsztaty. Do tej pory odby\u0142y si\u0119 w warsztatach dotycz\u0105cych: muzykoterapii, technik relaksacyjnych, emisji i higieny g\u0142osu, j\u0119zyka migowego, <\/span><span data-contrast=\"auto\">chromoterapii<\/span><span data-contrast=\"auto\">, roli mandali w edukacji, terapii ta\u0144cem, <\/span><span data-contrast=\"auto\">bajkoterapii<\/span><span data-contrast=\"auto\">, terapii behawioralnej oraz porozumienia bez przemocy.<\/span><span data-ccp-props=\"{&quot;201341983&quot;:0,&quot;335559739&quot;:160,&quot;335559740&quot;:259}\">\u00a0<\/span><\/p>\n<p><span data-contrast=\"auto\">Cz\u0142onkowie Ko\u0142a aktywnie uczestnicz\u0105 w \u017cyciu naukowym Wydzia\u0142u Filologicznego oraz Uniwersytetu \u015al\u0105skiego; bior\u0105 udzia\u0142 w wielu konferencjach organizowanych zar\u00f3wno na Uniwersytecie \u015al\u0105skim, jak i na innych uczelniach.<\/span><span data-ccp-props=\"{&quot;201341983&quot;:0,&quot;335559739&quot;:160,&quot;335559740&quot;:259}\">\u00a0<\/span><\/p>\n<p><span data-contrast=\"auto\">Wielu cz\u0142onk\u00f3w Ko\u0142a zosta\u0142o laureatami presti\u017cowych stypendi\u00f3w (JM Rektora, wyr\u00f3\u017cnie\u0144 JM Rektora, Ministra Nauki i Szkolnictwa Wy\u017cszego).<\/span><span data-ccp-props=\"{&quot;201341983&quot;:0,&quot;335559739&quot;:160,&quot;335559740&quot;:259}\">\u00a0<\/span><\/p>\n<p><span data-contrast=\"auto\">Cz\u0142onkowie Ko\u0142a nie ograniczaj\u0105 si\u0119 tylko do w\u0142asnego rozwoju, ale ch\u0119tnie anga\u017cuj\u0105 si\u0119 w pomoc i organizacj\u0119 r\u00f3\u017cnych inicjatyw, jak np.:<\/span><span data-ccp-props=\"{&quot;201341983&quot;:0,&quot;335559739&quot;:160,&quot;335559740&quot;:259}\">\u00a0<\/span><\/p>\n<p><span data-contrast=\"auto\">Mi\u0119dzynarodowy Konkurs Wiedzy o Fryderyku Chopinie,<\/span><span data-ccp-props=\"{&quot;201341983&quot;:0,&quot;335559739&quot;:160,&quot;335559740&quot;:360}\">\u00a0<\/span><\/p>\n<p><span data-contrast=\"auto\">Og\u00f3lnopolski Konkurs Historyczny Droga do Wolno\u015bci,<\/span><span data-ccp-props=\"{&quot;201341983&quot;:0,&quot;335559739&quot;:160,&quot;335559740&quot;:360}\">\u00a0<\/span><\/p>\n<p><span data-contrast=\"auto\">II Kongres J\u0119zyka Polskiego,<\/span><span data-ccp-props=\"{&quot;201341983&quot;:0,&quot;335559739&quot;:160,&quot;335559740&quot;:360}\">\u00a0<\/span><\/p>\n<p><span data-contrast=\"auto\">konsultacje dla maturzyst\u00f3w, konferencje naukowe, coroczny Festiwal Nauki i Jarmark Wiedzy.<\/span><span data-ccp-props=\"{&quot;201341983&quot;:0,&quot;335559739&quot;:160,&quot;335559740&quot;:360}\">\u00a0<\/span><\/p>\n<p><span data-contrast=\"auto\">Je\u015bli chcesz rozwin\u0105\u0107 swoj\u0105 wiedz\u0119 i umiej\u0119tno\u015bci, zosta\u0144 jednym z nas.<\/span><span data-ccp-props=\"{&quot;201341983&quot;:0,&quot;335559739&quot;:160,&quot;335559740&quot;:360}\">\u00a0<\/span><\/p>\n<p><span data-contrast=\"auto\">CZEKAMY NA CIEBIE!<\/span><span data-ccp-props=\"{&quot;201341983&quot;:0,&quot;335559739&quot;:160,&quot;335559740&quot;:360}\">\u00a0<\/span><\/p>\n<p><span data-contrast=\"auto\">Dowiedz si\u0119, kiedy i gdzie b\u0119dzie najbli\u017csze spotkanie!<\/span><span data-ccp-props=\"{&quot;201341983&quot;:0,&quot;335559739&quot;:160,&quot;335559740&quot;:360}\">\u00a0<\/span><\/p>\n<p><span data-contrast=\"auto\">\u00a0Kontakt:<\/span><span data-ccp-props=\"{&quot;201341983&quot;:0,&quot;335559739&quot;:160,&quot;335559740&quot;:360}\">\u00a0<\/span><\/p>\n<p><span data-contrast=\"auto\">Opiekun: dr Anna Guzy (<\/span><a href=\"mailto:anna.guzy@us.edu.pl\"><span data-contrast=\"none\">anna.guzy@us.edu.pl<\/span><\/a><span data-contrast=\"auto\">)<\/span><span data-ccp-props=\"{&quot;201341983&quot;:0,&quot;335559739&quot;:160,&quot;335559740&quot;:360}\">\u00a0<\/span><\/p>\n<p><span data-contrast=\"auto\">Przewodnicz\u0105ca: Karolina Cybulska (<\/span><a href=\"mailto:karolina12156@vp.pl\"><span data-contrast=\"none\">karolina12156@vp.pl<\/span><\/a><span data-contrast=\"auto\">)<\/span><span data-ccp-props=\"{&quot;201341983&quot;:0,&quot;335559739&quot;:160,&quot;335559740&quot;:360}\">\u00a0<\/span><\/p>\n<p><span data-contrast=\"auto\">Zast\u0119pca przewodnicz\u0105cej: Szymon Witczak<\/span><span data-ccp-props=\"{&quot;201341983&quot;:0,&quot;335559739&quot;:160,&quot;335559740&quot;:360}\">\u00a0<\/span><\/p>\n","protected":false},"excerpt":{"rendered":"<p>O KOLE\u00a0 Zosta\u0142o za\u0142o\u017cone w 2008 roku z inspiracji pierwszych cz\u0142onki\u0144 Ko\u0142a: Karolina Grabo\u0144 i Kinga Bajerska. W kwestiach formalnych wspomaga\u0142a je Marta Kubarek.\u00a0 Od pocz\u0105tku istnienia opiekunk\u0105 Ko\u0142a jest dr Anna Guzy. Na pierwszych spotkaniach by\u0142o ponad 20 os\u00f3b, obecnie w Kole dzia\u0142a aktywnie 10 cz\u0142onk\u00f3w. Spotkania odbywaj\u0105 si\u0119 kilka razy w miesi\u0105cu od<a class=\"moretag\" href=\"https:\/\/www.icbeh.us.edu.pl\/?page_id=35\"> >czytaj wi\u0119cej< <\/a><\/p>\n","protected":false},"author":1,"featured_media":0,"parent":0,"menu_order":0,"comment_status":"closed","ping_status":"closed","template":"","meta":{"footnotes":""},"class_list":["post-35","page","type-page","status-publish","hentry"],"_links":{"self":[{"href":"https:\/\/www.icbeh.us.edu.pl\/index.php?rest_route=\/wp\/v2\/pages\/35","targetHints":{"allow":["GET"]}}],"collection":[{"href":"https:\/\/www.icbeh.us.edu.pl\/index.php?rest_route=\/wp\/v2\/pages"}],"about":[{"href":"https:\/\/www.icbeh.us.edu.pl\/index.php?rest_route=\/wp\/v2\/types\/page"}],"author":[{"embeddable":true,"href":"https:\/\/www.icbeh.us.edu.pl\/index.php?rest_route=\/wp\/v2\/users\/1"}],"replies":[{"embeddable":true,"href":"https:\/\/www.icbeh.us.edu.pl\/index.php?rest_route=%2Fwp%2Fv2%2Fcomments&post=35"}],"version-history":[{"count":2,"href":"https:\/\/www.icbeh.us.edu.pl\/index.php?rest_route=\/wp\/v2\/pages\/35\/revisions"}],"predecessor-version":[{"id":196,"href":"https:\/\/www.icbeh.us.edu.pl\/index.php?rest_route=\/wp\/v2\/pages\/35\/revisions\/196"}],"wp:attachment":[{"href":"https:\/\/www.icbeh.us.edu.pl\/index.php?rest_route=%2Fwp%2Fv2%2Fmedia&parent=35"}],"curies":[{"name":"wp","href":"https:\/\/api.w.org\/{rel}","templated":true}]}}