{"id":26,"date":"2020-09-07T23:04:26","date_gmt":"2020-09-07T23:04:26","guid":{"rendered":"https:\/\/www.centrumedukacjihumanistycznej.us.edu.pl\/?page_id=26"},"modified":"2020-09-07T23:06:59","modified_gmt":"2020-09-07T23:06:59","slug":"wydarzenia","status":"publish","type":"page","link":"https:\/\/www.icbeh.us.edu.pl\/?page_id=26","title":{"rendered":"WYDARZENIA"},"content":{"rendered":"<ul>\n<li data-leveltext=\"\uf0b7\" data-font=\"Symbol\" data-listid=\"2\" aria-setsize=\"-1\" data-aria-posinset=\"1\" data-aria-level=\"1\"><span data-contrast=\"auto\">Konferencja \u201eWi\u0105zania, sploty, w\u0119z\u0142y. Nowa humanistyka i edukacja polonistyczna\u201d, 23 kwietnia 2020\u00a0\u00a0<\/span><span data-ccp-props=\"{&quot;134233279&quot;:true,&quot;201341983&quot;:0,&quot;335559739&quot;:160,&quot;335559740&quot;:259}\">\u00a0<\/span><\/li>\n<\/ul>\n<p><span data-contrast=\"auto\">\u00a0<\/span><span data-ccp-props=\"{&quot;201341983&quot;:0,&quot;335559739&quot;:160,&quot;335559740&quot;:276}\">\u00a0<\/span><\/p>\n<p><span data-contrast=\"auto\">Pomys\u0142 zorganizowania seminarium zosta\u0142 zainspirowany rozwa\u017caniami Przemys\u0142awa Czapli\u0144skiego, kt\u00f3ry operuj\u0105c terminami \u201ewi\u0105zanie\u201d, \u201esplot\u201d i \u201ew\u0119ze\u0142\u201d, w nowej humanistyce szuka zamiast transgresji mo\u017cliwo\u015bci <\/span><span data-contrast=\"auto\">subwersji<\/span><span data-contrast=\"auto\">. Oznacza to rezygnacj\u0119 z przekraczania granic na rzecz ich rozpoznawania oraz spo\u017cytkowania. Jak pisze badacz, zamiast <\/span><span data-contrast=\"auto\">multidyscyplinarno\u015bci<\/span><span data-contrast=\"auto\"> pojawia si\u0119 szansa na <\/span><span data-contrast=\"auto\">unidyscyplinarno\u015b\u0107<\/span><span data-contrast=\"auto\">.\u00a0\u00a0\u00a0<\/span><span data-ccp-props=\"{&quot;201341983&quot;:0,&quot;335551550&quot;:6,&quot;335551620&quot;:6,&quot;335559731&quot;:360,&quot;335559739&quot;:160,&quot;335559740&quot;:259}\">\u00a0<\/span><\/p>\n<p><span data-contrast=\"auto\">Celem seminarium jest pr\u00f3ba spojrzenia na edukacj\u0119 humanistyczn\u0105 jako na splot wielu zjawisk, kt\u00f3re w konsekwencji zmieniaj\u0105 nie tylko jej akademicki czy szkolny profil, ale przeformu\u0142owuj\u0105 r\u00f3wnie\u017c nauki o wychowaniu. Proponujemy nast\u0119puj\u0105ce obszary badawcze, cho\u0107 lista zagadnie\u0144 pozostaje otwarta:\u00a0\u00a0<\/span><span data-ccp-props=\"{&quot;201341983&quot;:0,&quot;335551550&quot;:6,&quot;335551620&quot;:6,&quot;335559731&quot;:705,&quot;335559739&quot;:160,&quot;335559740&quot;:259}\">\u00a0<\/span><\/p>\n<p><span data-contrast=\"auto\">\u2212 nowohumanistyczne metodologie w szkole (np. studia postkolonialne i <\/span><span data-contrast=\"auto\">postzale\u017cno\u015bciowe<\/span><span data-contrast=\"auto\">,\u00a0\u00a0<\/span><span data-ccp-props=\"{&quot;201341983&quot;:0,&quot;335551550&quot;:6,&quot;335551620&quot;:6,&quot;335559739&quot;:160,&quot;335559740&quot;:259}\">\u00a0<\/span><\/p>\n<p><span data-contrast=\"auto\">\u00a0\u00a0 studia afektywne, studia nad rzeczami, studia <\/span><span data-contrast=\"auto\">maladyczne<\/span><span data-contrast=\"auto\">, humanistyka cyfrowa,\u00a0\u00a0\u00a0<\/span><span data-ccp-props=\"{&quot;201341983&quot;:0,&quot;335551550&quot;:6,&quot;335551620&quot;:6,&quot;335559739&quot;:160,&quot;335559740&quot;:259}\">\u00a0<\/span><\/p>\n<p><span data-contrast=\"auto\">\u00a0\u00a0 humanistyka kognitywna, humanistyka \u015brodowiskowa z uwzgl\u0119dnieniem problematyki\u00a0\u00a0\u00a0\u00a0<\/span><span data-ccp-props=\"{&quot;201341983&quot;:0,&quot;335559739&quot;:160,&quot;335559740&quot;:259}\">\u00a0<\/span><\/p>\n<p><span data-contrast=\"auto\">\u00a0 dotycz\u0105cej pogody oraz klimatu w j\u0119zyku, kulturze i edukacji humanistycznej, badania p\u0142ci\u00a0\u00a0<\/span><span data-ccp-props=\"{&quot;201341983&quot;:0,&quot;335559739&quot;:160,&quot;335559740&quot;:259}\">\u00a0<\/span><\/p>\n<p><span data-contrast=\"auto\">\u00a0\u00a0 kulturowej, badania pami\u0119ci, studia nad kultur\u0105 wizualn\u0105, <\/span><span data-contrast=\"auto\">performatyka<\/span><span data-contrast=\"auto\"> oraz\u00a0\u00a0<\/span><span data-ccp-props=\"{&quot;201341983&quot;:0,&quot;335551550&quot;:6,&quot;335551620&quot;:6,&quot;335559739&quot;:160,&quot;335559740&quot;:259}\">\u00a0<\/span><\/p>\n<p><span data-contrast=\"auto\">\u00a0\u00a0 <\/span><span data-contrast=\"auto\">posthumanistyka<\/span><span data-contrast=\"auto\">),\u00a0<\/span><span data-ccp-props=\"{&quot;201341983&quot;:0,&quot;335551550&quot;:6,&quot;335551620&quot;:6,&quot;335559739&quot;:160,&quot;335559740&quot;:259}\">\u00a0<\/span><\/p>\n<p><span data-contrast=\"auto\">\u2212 nowa humanistyka a kanon(y) lektur,\u00a0<\/span><span data-ccp-props=\"{&quot;201341983&quot;:0,&quot;335551550&quot;:6,&quot;335551620&quot;:6,&quot;335559739&quot;:160,&quot;335559740&quot;:259}\">\u00a0<\/span><\/p>\n<p><span data-contrast=\"auto\">\u2212 nowe zjawiska w literaturze dla dzieci i m\u0142odzie\u017cy,\u00a0<\/span><span data-ccp-props=\"{&quot;201341983&quot;:0,&quot;335551550&quot;:6,&quot;335551620&quot;:6,&quot;335559739&quot;:160,&quot;335559740&quot;:259}\">\u00a0<\/span><\/p>\n<p><span data-contrast=\"auto\">\u2212 nauczanie (mi\u0119dzy)\/<\/span><span data-contrast=\"auto\">ponadprzedmiotowe<\/span><span data-contrast=\"auto\">,\u00a0\u00a0<\/span><span data-ccp-props=\"{&quot;201341983&quot;:0,&quot;335551550&quot;:6,&quot;335551620&quot;:6,&quot;335559739&quot;:160,&quot;335559740&quot;:259}\">\u00a0<\/span><\/p>\n<p><span data-contrast=\"auto\">\u2212 nowohumanistyczne metody uczenia (si\u0119),\u00a0<\/span><span data-ccp-props=\"{&quot;201341983&quot;:0,&quot;335551550&quot;:6,&quot;335551620&quot;:6,&quot;335559739&quot;:160,&quot;335559740&quot;:259}\">\u00a0<\/span><\/p>\n<p><span data-contrast=\"auto\">\u2212 pozalekcyjne aktywno\u015bci uczni\u00f3w,\u00a0\u00a0<\/span><span data-ccp-props=\"{&quot;201341983&quot;:0,&quot;335551550&quot;:6,&quot;335551620&quot;:6,&quot;335559739&quot;:160,&quot;335559740&quot;:259}\">\u00a0<\/span><\/p>\n<p><span data-contrast=\"auto\">\u2212 formu\u0142y podstaw programowych oraz egzamin\u00f3w w kontek\u015bcie nowej humanistyki.\u00a0<\/span><span data-ccp-props=\"{&quot;201341983&quot;:0,&quot;335551550&quot;:6,&quot;335551620&quot;:6,&quot;335559739&quot;:160,&quot;335559740&quot;:259}\">\u00a0<\/span><\/p>\n<p><span data-contrast=\"auto\">\u00a0<\/span><span data-ccp-props=\"{&quot;201341983&quot;:0,&quot;335559739&quot;:160,&quot;335559740&quot;:276}\">\u00a0<\/span><\/p>\n<p><span data-contrast=\"auto\">Program konferencji w pliku<\/span><\/p>\n","protected":false},"excerpt":{"rendered":"<p>Konferencja \u201eWi\u0105zania, sploty, w\u0119z\u0142y. Nowa humanistyka i edukacja polonistyczna\u201d, 23 kwietnia 2020\u00a0\u00a0\u00a0 \u00a0\u00a0 Pomys\u0142 zorganizowania seminarium zosta\u0142 zainspirowany rozwa\u017caniami Przemys\u0142awa Czapli\u0144skiego, kt\u00f3ry operuj\u0105c terminami \u201ewi\u0105zanie\u201d, \u201esplot\u201d i \u201ew\u0119ze\u0142\u201d, w nowej humanistyce szuka zamiast transgresji mo\u017cliwo\u015bci subwersji. Oznacza to rezygnacj\u0119 z przekraczania granic na rzecz ich rozpoznawania oraz spo\u017cytkowania. Jak pisze badacz, zamiast multidyscyplinarno\u015bci pojawia si\u0119<a class=\"moretag\" href=\"https:\/\/www.icbeh.us.edu.pl\/?page_id=26\"> >czytaj wi\u0119cej< <\/a><\/p>\n","protected":false},"author":1,"featured_media":0,"parent":0,"menu_order":0,"comment_status":"closed","ping_status":"closed","template":"","meta":{"footnotes":""},"class_list":["post-26","page","type-page","status-publish","hentry"],"_links":{"self":[{"href":"https:\/\/www.icbeh.us.edu.pl\/index.php?rest_route=\/wp\/v2\/pages\/26","targetHints":{"allow":["GET"]}}],"collection":[{"href":"https:\/\/www.icbeh.us.edu.pl\/index.php?rest_route=\/wp\/v2\/pages"}],"about":[{"href":"https:\/\/www.icbeh.us.edu.pl\/index.php?rest_route=\/wp\/v2\/types\/page"}],"author":[{"embeddable":true,"href":"https:\/\/www.icbeh.us.edu.pl\/index.php?rest_route=\/wp\/v2\/users\/1"}],"replies":[{"embeddable":true,"href":"https:\/\/www.icbeh.us.edu.pl\/index.php?rest_route=%2Fwp%2Fv2%2Fcomments&post=26"}],"version-history":[{"count":3,"href":"https:\/\/www.icbeh.us.edu.pl\/index.php?rest_route=\/wp\/v2\/pages\/26\/revisions"}],"predecessor-version":[{"id":34,"href":"https:\/\/www.icbeh.us.edu.pl\/index.php?rest_route=\/wp\/v2\/pages\/26\/revisions\/34"}],"wp:attachment":[{"href":"https:\/\/www.icbeh.us.edu.pl\/index.php?rest_route=%2Fwp%2Fv2%2Fmedia&parent=26"}],"curies":[{"name":"wp","href":"https:\/\/api.w.org\/{rel}","templated":true}]}}