{"id":252,"date":"2022-04-15T14:09:04","date_gmt":"2022-04-15T14:09:04","guid":{"rendered":"https:\/\/www.icbeh.us.edu.pl\/?page_id=252"},"modified":"2022-05-24T08:06:34","modified_gmt":"2022-05-24T08:06:34","slug":"przydatne-linki","status":"publish","type":"page","link":"https:\/\/www.icbeh.us.edu.pl\/?page_id=252","title":{"rendered":"Przydatne linki"},"content":{"rendered":"\n<figure class=\"wp-block-table is-style-stripes\"><table><tbody><tr><td>Biblioteka lektora<\/td><td><a href=\"https:\/\/www.sjikp.us.edu.pl\/pl\/biblioteka-lektora\/\">https:\/\/www.sjikp.us.edu.pl\/pl\/biblioteka-lektora\/<\/a><\/td><\/tr><tr><td>Slavic Network&nbsp;<br><br>J\u0119zyk polski na tle innych j\u0119zyk\u00f3w s\u0142owia\u0144skich (teksty, \u0107wiczenia)<\/td><td><a href=\"http:\/\/www.slavic.network.us.edu.pl\/\">http:\/\/www.slavic.network.us.edu.pl\/<\/a><\/td><\/tr><tr><td>Zintegrowana Platforma Edukacyjna<\/td><td><a href=\"https:\/\/zpe.gov.pl\/\">https:\/\/zpe.gov.pl\/<\/a><\/td><\/tr><tr><td>Podyplomowe Studia Kwalifikacyjne Nauczania Kultury Polskiej i J\u0119zyka Polskiego jako Obcego<\/td><td><a href=\"https:\/\/www.sjikp.us.edu.pl\/pl\/podyplomowe-studia-kwalifikacyjne-nauczania-kultury-polskiej-i-jezyka-polskiego-jako-obcego\/\">https:\/\/www.sjikp.us.edu.pl\/pl\/podyplomowe-studia-kwalifikacyjne-nauczania-kultury-polskiej-i-jezyka-polskiego-jako-obcego\/<\/a><\/td><\/tr><tr><td>Szko\u0142a J\u0119zyka i Kultury Polskiej U\u015a<\/td><td><a href=\"https:\/\/www.sjikp.us.edu.pl\/pl\/publikacje-2\/\">https:\/\/www.sjikp.us.edu.pl\/pl\/publikacje-2\/<br><\/a><a href=\"https:\/\/www.sjikp.us.edu.pl\/pl\/biblioteka-lektora\/\">https:\/\/www.sjikp.us.edu.pl\/pl\/biblioteka-lektora\/<br><\/a><a href=\"https:\/\/www.sjikp.us.edu.pl\/pl\/publikacje\/e-nauczanie\/\">https:\/\/www.sjikp.us.edu.pl\/pl\/publikacje\/e-nauczanie\/<\/a><\/td><\/tr><tr><td>Centrum J\u0119zyka i Kultury Polskiej dla Polonii i Cudzoziemc\u00f3w UMCS<\/td><td><a href=\"https:\/\/www.umcs.pl\/pl\/materialy-dydaktyczne,21171.htm\" target=\"_blank\" rel=\"noreferrer noopener\">https:\/\/www.umcs.pl\/pl\/materialy-dydaktyczne,21171.htm<\/a><\/td><\/tr><tr><td>Fundacja <em>Cup of Polish<\/em><\/td><td><a href=\"https:\/\/cupofpolish.org\/darmowe-materialy-do-nauki-jezyka-polskiego-jako-obcego\/?fbclid=IwAR2sPBvDBrYTHaF3RPRBJujWt0lw3rbCJcTvk7csSyYLwusGrxFCdGJvN1\">https:\/\/cupofpolish.org\/darmowe-materialy-do-nauki-jezyka-polskiego-jako-obcego\/?fbclid=IwAR2sPBvDBrYTHaF3RPRBJujWt0lw3rbCJcTvk7csSyYLwusGrxFCdGJvN1<\/a><\/td><\/tr><tr><td>Fundacja im. Miko\u0142aja Reja<br>Materia\u0142y do pobrania<\/td><td><a href=\"http:\/\/fundacjareja.eu\/\">http:\/\/fundacjareja.eu\/<br><\/a><a href=\"http:\/\/fundacjareja.eu\/do-pobrania\/\">http:\/\/fundacjareja.eu\/do-pobrania\/<\/a><\/td><\/tr><tr><td>Egzaminy certyfikatowe z j\u0119zyka polskiego jako obcego<\/td><td><a href=\"https:\/\/certyfikatpolski.pl\/\">https:\/\/certyfikatpolski.pl\/<\/a><\/td><\/tr><tr><td>Polska-Ukraina. Razem w szkole<\/td><td><a href=\"https:\/\/ksztalceniezawodowe.bialystok.pl\/polska-ukraina-razem-w-szkole\/\">https:\/\/ksztalceniezawodowe.bialystok.pl\/polska-ukraina-razem-w-szkole\/<\/a><\/td><\/tr><tr><td>CEO<br>nauczanie j\u0119zyka polskiego jako obcego i drugiego<\/td><td><a href=\"https:\/\/globalna.ceo.org.pl\/material\/nauczanie-jezyka-polskiego-jako-obcego-i-drugiego\/\">https:\/\/globalna.ceo.org.pl\/material\/nauczanie-jezyka-polskiego-jako-obcego-i-drugiego\/<\/a><\/td><\/tr><tr><td>Polskie Forum Migracyjne<br>Materia\u0142y do pobrania<\/td><td><a href=\"https:\/\/forummigracyjne.org\/\">https:\/\/forummigracyjne.org\/<br><\/a><a href=\"https:\/\/forummigracyjne.org\/publikacje\">https:\/\/forummigracyjne.org\/publikacje<\/a><\/td><\/tr><tr><td>Zintegrowana Platforma Edukacyjna<\/td><td><a href=\"https:\/\/zpe.gov.pl\/\">https:\/\/zpe.gov.pl\/<\/a><\/td><\/tr><tr><td>Polski i kropka<\/td><td><a href=\"https:\/\/polskiikropka.pl\/\">https:\/\/polskiikropka.pl\/<\/a><\/td><\/tr><tr><td>O\u015brodek Rozwoju Edukacji<\/td><td><a href=\"https:\/\/www.ore.edu.pl\/\">https:\/\/www.ore.edu.pl\/<\/a><\/td><\/tr><tr><td>O\u015brodek Rozwoju Polskiej Edukacji za Granic\u0105<\/td><td><a href=\"https:\/\/www.orpeg.pl\/\">https:\/\/www.orpeg.pl\/<\/a><\/td><\/tr><tr><td>Pomoce stworzone przez nauczycieli<\/td><td><a href=\"https:\/\/padlet.com\/sbusilo\/zb0vp47nbtcvs9hb?fbclid=IwAR3db_nFanjzHHGS9lT0aGPCd-OCsEdqdwSpxkHWTCIJToLm1azNa1cgCBw\">https:\/\/padlet.com\/sbusilo\/zb0vp47nbtcvs9hb?fbclid=IwAR3db_nFanjzHHGS9lT0aGPCd-OCsEdqdwSpxkHWTCIJToLm1azNa1cgCBw<\/a><\/td><\/tr><tr><td>Lustro Biblioteki \u2013 ksi\u0105\u017cki w j\u0119zyku ukrai\u0144skim (w tym bezp\u0142atne e-booki z ksi\u0105\u017ckami dla dzieci)<\/td><td><a href=\"https:\/\/lustrobiblioteki.pl\/solidarnizukraina\/ksiazki-w-jezyku-ukrainskim\/\">https:\/\/lustrobiblioteki.pl\/solidarnizukraina\/ksiazki-w-jezyku-ukrainskim\/<\/a><\/td><\/tr><tr><td>Stowarzyszenie Bibliotekarzy Polskich &#8211; ksi\u0105\u017cki dla dzieci w j\u0119zyku ukrai\u0144skim do bezp\u0142atnego pobrania<\/td><td><a href=\"http:\/\/www.sbp.pl\/artykul\/?cid=24160&amp;prev=1\">http:\/\/www.sbp.pl\/artykul\/?cid=24160&amp;prev=1<\/a><\/td><\/tr><tr><td>Inicjatywa <\/td><td><a href=\"http:\/\/bibliotekidlaukrainy.org.pl\/\">http:\/\/bibliotekidlaukrainy.org.pl\/ <\/a><\/td><\/tr><tr><td>Bookland ksi\u0119garnie j\u0119zykowe<\/td><td><a href=\"https:\/\/bookland.com.pl\/ukrainskie-materialy-edukacyjne\">https:\/\/bookland.com.pl\/ukrainskie-materialy-edukacyjne<\/a><\/td><\/tr><tr><td>Pracownia Polonisty<\/td><td><a href=\"https:\/\/wakelet.com\/wake\/ca-KgCiNPFaQGBxeyChM_\"> https:\/\/wakelet.com\/wake\/ca-KgCiNPFaQGBxeyChM_ <\/a><\/td><\/tr><\/tbody><\/table><\/figure>\n","protected":false},"excerpt":{"rendered":"<p>Biblioteka lektora https:\/\/www.sjikp.us.edu.pl\/pl\/biblioteka-lektora\/ Slavic Network&nbsp; J\u0119zyk polski na tle innych j\u0119zyk\u00f3w s\u0142owia\u0144skich (teksty, \u0107wiczenia) http:\/\/www.slavic.network.us.edu.pl\/ Zintegrowana Platforma Edukacyjna https:\/\/zpe.gov.pl\/ Podyplomowe Studia Kwalifikacyjne Nauczania Kultury Polskiej i J\u0119zyka Polskiego jako Obcego https:\/\/www.sjikp.us.edu.pl\/pl\/podyplomowe-studia-kwalifikacyjne-nauczania-kultury-polskiej-i-jezyka-polskiego-jako-obcego\/ Szko\u0142a J\u0119zyka i Kultury Polskiej U\u015a https:\/\/www.sjikp.us.edu.pl\/pl\/publikacje-2\/https:\/\/www.sjikp.us.edu.pl\/pl\/biblioteka-lektora\/https:\/\/www.sjikp.us.edu.pl\/pl\/publikacje\/e-nauczanie\/ Centrum J\u0119zyka i Kultury Polskiej dla Polonii i Cudzoziemc\u00f3w UMCS https:\/\/www.umcs.pl\/pl\/materialy-dydaktyczne,21171.htm Fundacja Cup of Polish https:\/\/cupofpolish.org\/darmowe-materialy-do-nauki-jezyka-polskiego-jako-obcego\/?fbclid=IwAR2sPBvDBrYTHaF3RPRBJujWt0lw3rbCJcTvk7csSyYLwusGrxFCdGJvN1 Fundacja<a class=\"moretag\" href=\"https:\/\/www.icbeh.us.edu.pl\/?page_id=252\"> >czytaj wi\u0119cej< <\/a><\/p>\n","protected":false},"author":2,"featured_media":0,"parent":0,"menu_order":0,"comment_status":"closed","ping_status":"closed","template":"","meta":{"footnotes":""},"class_list":["post-252","page","type-page","status-publish","hentry"],"_links":{"self":[{"href":"https:\/\/www.icbeh.us.edu.pl\/index.php?rest_route=\/wp\/v2\/pages\/252","targetHints":{"allow":["GET"]}}],"collection":[{"href":"https:\/\/www.icbeh.us.edu.pl\/index.php?rest_route=\/wp\/v2\/pages"}],"about":[{"href":"https:\/\/www.icbeh.us.edu.pl\/index.php?rest_route=\/wp\/v2\/types\/page"}],"author":[{"embeddable":true,"href":"https:\/\/www.icbeh.us.edu.pl\/index.php?rest_route=\/wp\/v2\/users\/2"}],"replies":[{"embeddable":true,"href":"https:\/\/www.icbeh.us.edu.pl\/index.php?rest_route=%2Fwp%2Fv2%2Fcomments&post=252"}],"version-history":[{"count":5,"href":"https:\/\/www.icbeh.us.edu.pl\/index.php?rest_route=\/wp\/v2\/pages\/252\/revisions"}],"predecessor-version":[{"id":375,"href":"https:\/\/www.icbeh.us.edu.pl\/index.php?rest_route=\/wp\/v2\/pages\/252\/revisions\/375"}],"wp:attachment":[{"href":"https:\/\/www.icbeh.us.edu.pl\/index.php?rest_route=%2Fwp%2Fv2%2Fmedia&parent=252"}],"curies":[{"name":"wp","href":"https:\/\/api.w.org\/{rel}","templated":true}]}}