{"id":248,"date":"2022-04-15T14:08:45","date_gmt":"2022-04-15T14:08:45","guid":{"rendered":"https:\/\/www.icbeh.us.edu.pl\/?page_id=248"},"modified":"2022-04-24T15:45:26","modified_gmt":"2022-04-24T15:45:26","slug":"podreczniki-z-us","status":"publish","type":"page","link":"https:\/\/www.icbeh.us.edu.pl\/?page_id=248","title":{"rendered":"Podr\u0119czniki z U\u015a"},"content":{"rendered":"\n<figure class=\"wp-block-table is-style-stripes\"><table><tbody><tr><td>A. Janowska, M. Pastuch, <strong>Dzie\u0144 dobry 1<\/strong> (poziom A1)<br>A. Janowska, M. Pastuch, <strong>Dzie\u0144 dobry 2<\/strong> (poziom A2)<\/td><td><a href=\"https:\/\/www.sjikp.us.edu.pl\/pl\/publikacje\/publikacje-szkoly-jezyka-i-kultury-polskiej-uniwersytetu-slaskiego\/podreczniki-kursowe-do-jezyka-polskiego-jako-obcego\/dzien-dobry-podrecznik-do-nauki-jezyka-polskiego-dla-poczatkujacych-czesc-i-i-ii\/\" target=\"_blank\" rel=\"noreferrer noopener\">https:\/\/www.sjikp.us.edu.pl\/pl\/publikacje\/publikacje-szkoly-jezyka-i-kultury-polskiej-uniwersytetu-slaskiego\/podreczniki-kursowe-do-jezyka-polskiego-jako-obcego\/dzien-dobry-podrecznik-do-nauki-jezyka-polskiego-dla-poczatkujacych-czesc-i-i-ii\/<br><\/a><br>Nagrania audio<br><a rel=\"noreferrer noopener\" href=\"https:\/\/www.sjikp.us.edu.pl\/pl\/publikacje\/e-nauczanie\/dzien-dobry-nagrania\" target=\"_blank\">https:\/\/www.sjikp.us.edu.pl\/pl\/publikacje\/e-nauczanie\/dzien-dobry-nagrania<\/a><br><\/td><\/tr><tr><td>A. Achtelik, B. Serafin, <strong>Mi\u0142o mi pani\u0105 pozna\u0107 <\/strong>(dla doros\u0142ych, poziom A0)<\/td><td><a href=\"https:\/\/www.sjikp.us.edu.pl\/pl\/publikacje\/publikacje-szkoly-jezyka-i-kultury-polskiej-uniwersytetu-slaskiego\/podreczniki-kursowe-do-jezyka-polskiego-jako-obcego\/milo-mi-pania-poznac-jezyk-polski-w-sytuacjach-komunikacyjnych-tom-1-i-2\/\" target=\"_blank\" rel=\"noreferrer noopener\">https:\/\/www.sjikp.us.edu.pl\/pl\/publikacje\/publikacje-szkoly-jezyka-i-kultury-polskiej-uniwersytetu-slaskiego\/podreczniki-kursowe-do-jezyka-polskiego-jako-obcego\/milo-mi-pania-poznac-jezyk-polski-w-sytuacjach-komunikacyjnych-tom-1-i-2\/<br><\/a><br>Nagrania wideo<br><a rel=\"noreferrer noopener\" href=\"https:\/\/www.sjikp.us.edu.pl\/pl\/publikacje\/e-nauczanie\/polski-dla-poczatkujacych\/\" target=\"_blank\">https:\/\/www.sjikp.us.edu.pl\/pl\/publikacje\/e-nauczanie\/polski-dla-poczatkujacych\/<\/a><\/td><\/tr><tr><td>A. Achtelik, B. Niesporek-Szamburska, <strong>Bawimy si\u0119 w polski<\/strong> (dla dzieci w wieku 10\u201313 lat), znaj\u0105cych cho\u0107 podstawy j\u0119zyka polskiego<\/td><td><a href=\"https:\/\/www.sjikp.us.edu.pl\/pl\/biblioteka-lektora\/nauczanie-dzieci\/bawimy-sie-w-polski-1-podrecznik-do-nauki-jezyka-polskiego-dla-dzieci\/\" target=\"_blank\" rel=\"noreferrer noopener\">https:\/\/www.sjikp.us.edu.pl\/pl\/biblioteka-lektora\/nauczanie-dzieci\/bawimy-sie-w-polski-1-podrecznik-do-nauki-jezyka-polskiego-dla-dzieci\/<\/a><\/td><\/tr><tr><td>A. Madeja, B. Morcinek-Abramczyk, <strong>Polski mniej obcy <\/strong>(poziomy B1&gt;B2)<\/td><td><a href=\"https:\/\/www.sjikp.us.edu.pl\/pl\/publikacje\/publikacje-szkoly-jezyka-i-kultury-polskiej-uniwersytetu-slaskiego\/podreczniki-kursowe-do-jezyka-polskiego-jako-obcego\/polski-mniej-obcy-podrecznik-do-nauki-jezyka-polskiego-dla-srednio-zaawansowanych\/\" target=\"_blank\" rel=\"noreferrer noopener\">https:\/\/www.sjikp.us.edu.pl\/pl\/publikacje\/publikacje-szkoly-jezyka-i-kultury-polskiej-uniwersytetu-slaskiego\/podreczniki-kursowe-do-jezyka-polskiego-jako-obcego\/polski-mniej-obcy-podrecznik-do-nauki-jezyka-polskiego-dla-srednio-zaawansowanych\/<\/a><\/td><\/tr><tr><td>B. Morcinek-Abramczyk, <strong>Polski jest prosty<\/strong> (dla os\u00f3b japo\u0144skoj\u0119zycznych)<\/td><td><a href=\"https:\/\/www.sjikp.us.edu.pl\/pl\/polski-jest-prosty-podrecznik-do-nauki-jezyka-polskiego-dla-osob-japonskojezycznych\/\" target=\"_blank\" rel=\"noreferrer noopener\">https:\/\/www.sjikp.us.edu.pl\/pl\/polski-jest-prosty-podrecznik-do-nauki-jezyka-polskiego-dla-osob-japonskojezycznych\/<br><\/a><br>Nagrania<br><a rel=\"noreferrer noopener\" href=\"https:\/\/www.sjikp.us.edu.pl\/pl\/publikacje\/e-nauczanie\/polski-jest-prosty\/\" target=\"_blank\">https:\/\/www.sjikp.us.edu.pl\/pl\/publikacje\/e-nauczanie\/polski-jest-prosty\/<\/a><\/td><\/tr><tr><td>Ma\u0142gorzata Kita, <strong>Wybieram gramatyk\u0119 1\u20132 <\/strong>(fonetyka, fleksja, s\u0142owotw\u00f3rstwo, sk\u0142adnia)<\/td><td><a href=\"https:\/\/www.sjikp.us.edu.pl\/pl\/publikacje\/publikacje-szkoly-jezyka-i-kultury-polskiej-uniwersytetu-slaskiego\/podreczniki-dodatkowe-i-zbiory-cwiczen\/wybieram-gramatyke-dla-cudzoziemcow-zaawansowanych-na-poziomie-c\/\" target=\"_blank\" rel=\"noreferrer noopener\">https:\/\/www.sjikp.us.edu.pl\/pl\/publikacje\/publikacje-szkoly-jezyka-i-kultury-polskiej-uniwersytetu-slaskiego\/podreczniki-dodatkowe-i-zbiory-cwiczen\/wybieram-gramatyke-dla-cudzoziemcow-zaawansowanych-na-poziomie-c\/<\/a><\/td><\/tr><tr><td>A. Achtelik, W. Hajduk-Gawron, A. Madeja, M. \u015awi\u0105tek, <strong>B\u0105d\u017a na B1. Zbi\u00f3r zada\u0144 z j\u0119zyka polskiego oraz przyk\u0142adowe testy certyfikatowe dla poziomu B1<\/strong><\/td><td><a href=\"https:\/\/www.sjikp.us.edu.pl\/pl\/publikacje\/publikacje-szkoly-jezyka-i-kultury-polskiej-uniwersytetu-slaskiego\/podreczniki-dodatkowe-i-zbiory-cwiczen\/badz-na-b1-zbior-zadan-z-jezyka-polskiego-oraz-przykladowe-testy-certyfikatowe-dla-poziomu-b1\/\" target=\"_blank\" rel=\"noreferrer noopener\">https:\/\/www.sjikp.us.edu.pl\/pl\/publikacje\/publikacje-szkoly-jezyka-i-kultury-polskiej-uniwersytetu-slaskiego\/podreczniki-dodatkowe-i-zbiory-cwiczen\/badz-na-b1-zbior-zadan-z-jezyka-polskiego-oraz-przykladowe-testy-certyfikatowe-dla-poziomu-b1\/<\/a><\/td><\/tr><\/tbody><\/table><\/figure>\n","protected":false},"excerpt":{"rendered":"<p>A. Janowska, M. Pastuch, Dzie\u0144 dobry 1 (poziom A1)A. Janowska, M. Pastuch, Dzie\u0144 dobry 2 (poziom A2) https:\/\/www.sjikp.us.edu.pl\/pl\/publikacje\/publikacje-szkoly-jezyka-i-kultury-polskiej-uniwersytetu-slaskiego\/podreczniki-kursowe-do-jezyka-polskiego-jako-obcego\/dzien-dobry-podrecznik-do-nauki-jezyka-polskiego-dla-poczatkujacych-czesc-i-i-ii\/Nagrania audiohttps:\/\/www.sjikp.us.edu.pl\/pl\/publikacje\/e-nauczanie\/dzien-dobry-nagrania A. Achtelik, B. Serafin, Mi\u0142o mi pani\u0105 pozna\u0107 (dla doros\u0142ych, poziom A0) https:\/\/www.sjikp.us.edu.pl\/pl\/publikacje\/publikacje-szkoly-jezyka-i-kultury-polskiej-uniwersytetu-slaskiego\/podreczniki-kursowe-do-jezyka-polskiego-jako-obcego\/milo-mi-pania-poznac-jezyk-polski-w-sytuacjach-komunikacyjnych-tom-1-i-2\/Nagrania wideohttps:\/\/www.sjikp.us.edu.pl\/pl\/publikacje\/e-nauczanie\/polski-dla-poczatkujacych\/ A. Achtelik, B. Niesporek-Szamburska, Bawimy si\u0119 w polski (dla dzieci w wieku 10\u201313 lat), znaj\u0105cych cho\u0107 podstawy j\u0119zyka polskiego https:\/\/www.sjikp.us.edu.pl\/pl\/biblioteka-lektora\/nauczanie-dzieci\/bawimy-sie-w-polski-1-podrecznik-do-nauki-jezyka-polskiego-dla-dzieci\/ A. Madeja,<a class=\"moretag\" href=\"https:\/\/www.icbeh.us.edu.pl\/?page_id=248\"> >czytaj wi\u0119cej< <\/a><\/p>\n","protected":false},"author":2,"featured_media":0,"parent":0,"menu_order":0,"comment_status":"closed","ping_status":"closed","template":"","meta":{"footnotes":""},"class_list":["post-248","page","type-page","status-publish","hentry"],"_links":{"self":[{"href":"https:\/\/www.icbeh.us.edu.pl\/index.php?rest_route=\/wp\/v2\/pages\/248","targetHints":{"allow":["GET"]}}],"collection":[{"href":"https:\/\/www.icbeh.us.edu.pl\/index.php?rest_route=\/wp\/v2\/pages"}],"about":[{"href":"https:\/\/www.icbeh.us.edu.pl\/index.php?rest_route=\/wp\/v2\/types\/page"}],"author":[{"embeddable":true,"href":"https:\/\/www.icbeh.us.edu.pl\/index.php?rest_route=\/wp\/v2\/users\/2"}],"replies":[{"embeddable":true,"href":"https:\/\/www.icbeh.us.edu.pl\/index.php?rest_route=%2Fwp%2Fv2%2Fcomments&post=248"}],"version-history":[{"count":3,"href":"https:\/\/www.icbeh.us.edu.pl\/index.php?rest_route=\/wp\/v2\/pages\/248\/revisions"}],"predecessor-version":[{"id":327,"href":"https:\/\/www.icbeh.us.edu.pl\/index.php?rest_route=\/wp\/v2\/pages\/248\/revisions\/327"}],"wp:attachment":[{"href":"https:\/\/www.icbeh.us.edu.pl\/index.php?rest_route=%2Fwp%2Fv2%2Fmedia&parent=248"}],"curies":[{"name":"wp","href":"https:\/\/api.w.org\/{rel}","templated":true}]}}