{"id":244,"date":"2022-04-15T14:08:22","date_gmt":"2022-04-15T14:08:22","guid":{"rendered":"https:\/\/www.icbeh.us.edu.pl\/?page_id=244"},"modified":"2022-04-24T15:55:35","modified_gmt":"2022-04-24T15:55:35","slug":"scenariusze-lekcji","status":"publish","type":"page","link":"https:\/\/www.icbeh.us.edu.pl\/?page_id=244","title":{"rendered":"Scenariusze lekcji"},"content":{"rendered":"\n<figure class=\"wp-block-table is-style-stripes\"><table><tbody><tr><td>Justyna Budzik, Agnieszka Tambor, <strong>Polska p\u00f3\u0142ka filmowa. Scenariusze lekcji<\/strong><\/td><td><a href=\"https:\/\/www.sjikp.us.edu.pl\/pl\/biblioteka-lektora\/literatura-i-kultura\/polska-polka-filmowa-krotkometrazowe-filmy-aktorskie-i-animowane-w-nauczaniu-jezyka-polskiego-jako-obcego\/\">https:\/\/www.sjikp.us.edu.pl\/pl\/biblioteka-lektora\/literatura-i-kultura\/polska-polka-filmowa-krotkometrazowe-filmy-aktorskie-i-animowane-w-nauczaniu-jezyka-polskiego-jako-obcego\/<\/a><\/td><\/tr><tr><td><strong>Scenariusze lekcji do r\u00f3\u017cnych przedmiot\u00f3w<\/strong><br><br>Fundacja EMIC<br>Materia\u0142y edukacyjne dot. r\u00f3\u017cnych przedmiot\u00f3w<br>(r\u00f3\u017cne etapy edukacyjne, tak\u017ce zaj\u0119cia pozalekcyjne)<\/td><td><a href=\"https:\/\/emic.com.pl\/szkoly\/scenariusze-lekcji\/\">https:\/\/emic.com.pl\/szkoly\/scenariusze-lekcji\/<\/a><\/td><\/tr><tr><td><strong>J\u0119zyk polski<\/strong><br><br>M. Nowak, U\u015a<br>Reduta Ordona Adama Mickiewicza. Kim jest bohater?<br>Scenariusz lekcji na podstawie tekstu literackiego<br>(Reduta Ordona + scenariusz + notka bibliograficzna do lekcji)<\/td><td><a href=\"https:\/\/www.sjikp.us.edu.pl\/wp-content\/uploads\/2019\/07\/Scenariusz_Reduta_Nowak.pdf\" class=\"mtli_attachment mtli_pdf\">https:\/\/www.sjikp.us.edu.pl\/wp-content\/uploads\/2019\/07\/Scenariusz_Reduta_Nowak.pdf<br><\/a><a href=\"https:\/\/www.sjikp.us.edu.pl\/wp-content\/uploads\/2019\/07\/Adresy-internetowe_Nowak.pdf\" class=\"mtli_attachment mtli_pdf\">https:\/\/www.sjikp.us.edu.pl\/wp-content\/uploads\/2019\/07\/Adresy-internetowe_Nowak.pdf<\/a><br><a href=\"https:\/\/www.sjikp.us.edu.pl\/wp-content\/uploads\/2019\/07\/nota_Mickiewicz_Nowak.pdf\" class=\"mtli_attachment mtli_pdf\">https:\/\/www.sjikp.us.edu.pl\/wp-content\/uploads\/2019\/07\/nota_Mickiewicz_Nowak.pdf<br><\/a><\/td><\/tr><tr><td><strong>J\u0119zyk polski<\/strong><br><br>A. Grabek<br>Scenariusz lekcji na podstawie tekstu literackiego Dziady cz. II,<br>j\u0119zyk polski jako drugi<\/td><td><a href=\"https:\/\/www.sjikp.us.edu.pl\/wp-content\/uploads\/2019\/07\/scenariusz_Dziady_Grabek.pdf\" class=\"mtli_attachment mtli_pdf\">https:\/\/www.sjikp.us.edu.pl\/wp-content\/uploads\/2019\/07\/scenariusz_Dziady_Grabek.pdf<\/a><\/td><\/tr><tr><td><strong>J\u0119zyk polski<\/strong><br><br>Gustaw Herling \u2013 Grudzi\u0144ski \u201eInny \u015bwiat\u201d i inne teksty kultury o rzeczywisto\u015bci w \u0142agrach sowieckich<\/td><td><a href=\"http:\/\/wlaczpolske.pl\/index.php?etap=10&amp;i=1867\">http:\/\/wlaczpolske.pl\/index.php?etap=10&amp;i=1867<\/a><\/td><\/tr><tr><td><strong>J\u0119zyk polski<\/strong><br><br>Projekty lekcji U\u015a<\/td><td><a href=\"https:\/\/www.sjikp.us.edu.pl\/pl\/publikacje\/e-nauczanie\/projekty-lekcji\/\">https:\/\/www.sjikp.us.edu.pl\/pl\/publikacje\/e-nauczanie\/projekty-lekcji\/<\/a><\/td><\/tr><tr><td><strong>Zaj\u0119cia mi\u0119dzykulturowe<\/strong><br><br>klasy 1\u20133<\/td><td><a href=\"https:\/\/forummigracyjne.org\/npub\/caly-swiat-w-naszej-klasie-materialy-edukacyjne\">https:\/\/forummigracyjne.org\/npub\/caly-swiat-w-naszej-klasie-materialy-edukacyjne<\/a><\/td><\/tr><\/tbody><\/table><\/figure>\n","protected":false},"excerpt":{"rendered":"<p>Justyna Budzik, Agnieszka Tambor, Polska p\u00f3\u0142ka filmowa. Scenariusze lekcji https:\/\/www.sjikp.us.edu.pl\/pl\/biblioteka-lektora\/literatura-i-kultura\/polska-polka-filmowa-krotkometrazowe-filmy-aktorskie-i-animowane-w-nauczaniu-jezyka-polskiego-jako-obcego\/ Scenariusze lekcji do r\u00f3\u017cnych przedmiot\u00f3w Fundacja EMICMateria\u0142y edukacyjne dot. r\u00f3\u017cnych przedmiot\u00f3w(r\u00f3\u017cne etapy edukacyjne, tak\u017ce zaj\u0119cia pozalekcyjne) https:\/\/emic.com.pl\/szkoly\/scenariusze-lekcji\/ J\u0119zyk polski M. Nowak, U\u015aReduta Ordona Adama Mickiewicza. Kim jest bohater?Scenariusz lekcji na podstawie tekstu literackiego(Reduta Ordona + scenariusz + notka bibliograficzna do lekcji) https:\/\/www.sjikp.us.edu.pl\/wp-content\/uploads\/2019\/07\/Scenariusz_Reduta_Nowak.pdfhttps:\/\/www.sjikp.us.edu.pl\/wp-content\/uploads\/2019\/07\/Adresy-internetowe_Nowak.pdfhttps:\/\/www.sjikp.us.edu.pl\/wp-content\/uploads\/2019\/07\/nota_Mickiewicz_Nowak.pdf J\u0119zyk polski A.<a class=\"moretag\" href=\"https:\/\/www.icbeh.us.edu.pl\/?page_id=244\"> >czytaj wi\u0119cej< <\/a><\/p>\n","protected":false},"author":2,"featured_media":0,"parent":0,"menu_order":0,"comment_status":"closed","ping_status":"closed","template":"","meta":{"footnotes":""},"class_list":["post-244","page","type-page","status-publish","hentry"],"_links":{"self":[{"href":"https:\/\/www.icbeh.us.edu.pl\/index.php?rest_route=\/wp\/v2\/pages\/244","targetHints":{"allow":["GET"]}}],"collection":[{"href":"https:\/\/www.icbeh.us.edu.pl\/index.php?rest_route=\/wp\/v2\/pages"}],"about":[{"href":"https:\/\/www.icbeh.us.edu.pl\/index.php?rest_route=\/wp\/v2\/types\/page"}],"author":[{"embeddable":true,"href":"https:\/\/www.icbeh.us.edu.pl\/index.php?rest_route=\/wp\/v2\/users\/2"}],"replies":[{"embeddable":true,"href":"https:\/\/www.icbeh.us.edu.pl\/index.php?rest_route=%2Fwp%2Fv2%2Fcomments&post=244"}],"version-history":[{"count":4,"href":"https:\/\/www.icbeh.us.edu.pl\/index.php?rest_route=\/wp\/v2\/pages\/244\/revisions"}],"predecessor-version":[{"id":337,"href":"https:\/\/www.icbeh.us.edu.pl\/index.php?rest_route=\/wp\/v2\/pages\/244\/revisions\/337"}],"wp:attachment":[{"href":"https:\/\/www.icbeh.us.edu.pl\/index.php?rest_route=%2Fwp%2Fv2%2Fmedia&parent=244"}],"curies":[{"name":"wp","href":"https:\/\/api.w.org\/{rel}","templated":true}]}}