{"id":24,"date":"2020-09-07T23:03:54","date_gmt":"2020-09-07T23:03:54","guid":{"rendered":"https:\/\/www.centrumedukacjihumanistycznej.us.edu.pl\/?page_id=24"},"modified":"2020-09-07T23:10:28","modified_gmt":"2020-09-07T23:10:28","slug":"wspolpraca","status":"publish","type":"page","link":"https:\/\/www.icbeh.us.edu.pl\/?page_id=24","title":{"rendered":"WSP\u00d3\u0141PRACA"},"content":{"rendered":"<ul>\n<li data-leveltext=\"\uf0b7\" data-font=\"Symbol\" data-listid=\"7\" aria-setsize=\"-1\" data-aria-posinset=\"1\" data-aria-level=\"1\"><span data-contrast=\"auto\">WSP\u00d3\u0141MY\u015aLENIE W HUMANISTYCE\u201d\u00a0<\/span><span data-ccp-props=\"{&quot;134233279&quot;:true,&quot;201341983&quot;:0,&quot;335551550&quot;:6,&quot;335551620&quot;:6,&quot;335559739&quot;:160,&quot;335559740&quot;:360}\">\u00a0<\/span><\/li>\n<\/ul>\n<p><span data-ccp-props=\"{&quot;201341983&quot;:0,&quot;335551550&quot;:6,&quot;335551620&quot;:6,&quot;335559685&quot;:360,&quot;335559739&quot;:160,&quot;335559740&quot;:360}\">\u00a0<\/span><\/p>\n<p><span data-contrast=\"auto\">Projekt \u201eWSP\u00d3\u0141MY\u015aLENIE W HUMANISTYCE\u201d <\/span><span data-contrast=\"auto\">dla opiekun\u00f3w grup studenckich realizuj\u0105cych projekty naukowe lub popularyzuj\u0105ce nauk\u0119. Konkurs jest realizowany w ramach projektu \u201eJeden Uniwersytet \u2013 Wiele Mo\u017cliwo\u015bci. Program Zintegrowany\u201d wsp\u00f3\u0142finansowanego ze \u015brodk\u00f3w Unii Europejskiej w ramach Europejskiego Funduszu Spo\u0142ecznego<\/span><span data-ccp-props=\"{&quot;201341983&quot;:0,&quot;335551550&quot;:6,&quot;335551620&quot;:6,&quot;335559739&quot;:160,&quot;335559740&quot;:360}\">\u00a0<\/span><\/p>\n<p><span data-contrast=\"auto\">G\u0142\u00f3wnym celem dzia\u0142ania grupy projektowej \u201eKsi\u0105\u017cka dzieci\u0119ca a m\u0142odzie\u017cowa. Nurty \u2013 biblioteki \u2013 \u017cycie literackie\u201d, prowadzonej przez dr hab. Ma\u0142gorzat\u0119 W\u00f3jcik-Dudek, jest pr\u00f3ba opisu specyfiki najnowszej literatury dla dzieci i m\u0142odzie\u017cy oraz przygotowanie wynik\u00f3w bada\u0144 w taki spos\u00f3b, aby by\u0142y one przydatne studentom, nauczycielom oraz wszystkim osobom zainteresowanym tym zagadnieniem. Celem po\u015brednim jest zaanga\u017cowanie student\u00f3w w dzia\u0142alno\u015b\u0107 instytucji kultury (Miejska Biblioteka Publiczna im. \u0141ukasza G\u00f3rnickiego \u201eGALERIA KSI\u0104\u017bKI\u201d w O\u015bwi\u0119cimiu) oraz w \u017cycie naukowe uczelni (\u201e<\/span><span data-contrast=\"auto\">Paidia<\/span><span data-contrast=\"auto\"> i Literatura) i regionu (\u201eGuliwer\u201d).\u00a0<\/span><span data-ccp-props=\"{&quot;201341983&quot;:0,&quot;335551550&quot;:6,&quot;335551620&quot;:6,&quot;335559739&quot;:160,&quot;335559740&quot;:360}\">\u00a0<\/span><\/p>\n","protected":false},"excerpt":{"rendered":"<p>WSP\u00d3\u0141MY\u015aLENIE W HUMANISTYCE\u201d\u00a0\u00a0 \u00a0 Projekt \u201eWSP\u00d3\u0141MY\u015aLENIE W HUMANISTYCE\u201d dla opiekun\u00f3w grup studenckich realizuj\u0105cych projekty naukowe lub popularyzuj\u0105ce nauk\u0119. Konkurs jest realizowany w ramach projektu \u201eJeden Uniwersytet \u2013 Wiele Mo\u017cliwo\u015bci. Program Zintegrowany\u201d wsp\u00f3\u0142finansowanego ze \u015brodk\u00f3w Unii Europejskiej w ramach Europejskiego Funduszu Spo\u0142ecznego\u00a0 G\u0142\u00f3wnym celem dzia\u0142ania grupy projektowej \u201eKsi\u0105\u017cka dzieci\u0119ca a m\u0142odzie\u017cowa. Nurty \u2013 biblioteki \u2013 \u017cycie<a class=\"moretag\" href=\"https:\/\/www.icbeh.us.edu.pl\/?page_id=24\"> >czytaj wi\u0119cej< <\/a><\/p>\n","protected":false},"author":1,"featured_media":0,"parent":0,"menu_order":0,"comment_status":"closed","ping_status":"closed","template":"","meta":{"footnotes":""},"class_list":["post-24","page","type-page","status-publish","hentry"],"_links":{"self":[{"href":"https:\/\/www.icbeh.us.edu.pl\/index.php?rest_route=\/wp\/v2\/pages\/24","targetHints":{"allow":["GET"]}}],"collection":[{"href":"https:\/\/www.icbeh.us.edu.pl\/index.php?rest_route=\/wp\/v2\/pages"}],"about":[{"href":"https:\/\/www.icbeh.us.edu.pl\/index.php?rest_route=\/wp\/v2\/types\/page"}],"author":[{"embeddable":true,"href":"https:\/\/www.icbeh.us.edu.pl\/index.php?rest_route=\/wp\/v2\/users\/1"}],"replies":[{"embeddable":true,"href":"https:\/\/www.icbeh.us.edu.pl\/index.php?rest_route=%2Fwp%2Fv2%2Fcomments&post=24"}],"version-history":[{"count":2,"href":"https:\/\/www.icbeh.us.edu.pl\/index.php?rest_route=\/wp\/v2\/pages\/24\/revisions"}],"predecessor-version":[{"id":40,"href":"https:\/\/www.icbeh.us.edu.pl\/index.php?rest_route=\/wp\/v2\/pages\/24\/revisions\/40"}],"wp:attachment":[{"href":"https:\/\/www.icbeh.us.edu.pl\/index.php?rest_route=%2Fwp%2Fv2%2Fmedia&parent=24"}],"curies":[{"name":"wp","href":"https:\/\/api.w.org\/{rel}","templated":true}]}}