{"id":236,"date":"2022-04-15T14:07:36","date_gmt":"2022-04-15T14:07:36","guid":{"rendered":"https:\/\/www.icbeh.us.edu.pl\/?page_id=236"},"modified":"2022-04-24T15:39:47","modified_gmt":"2022-04-24T15:39:47","slug":"ksiazki","status":"publish","type":"page","link":"https:\/\/www.icbeh.us.edu.pl\/?page_id=236","title":{"rendered":"Ksi\u0105\u017cki"},"content":{"rendered":"\n<figure class=\"wp-block-table is-style-stripes\"><table><tbody><tr><td><strong>Na wyrywki. 100 cytat\u00f3w z polskiej poezji i dramatu, kt\u00f3re powinien zna\u0107 tak\u017ce cudzoziemiec<\/strong><br>Red. R. Cudak, W. Hajduk-Gawron, A. Madeja<\/td><td><a href=\"https:\/\/www.sjikp.us.edu.pl\/pl\/biblioteka-lektora\/literatura-i-kultura\/na-wyrywki-100-cytatow-z-polskiej-poezji-i-dramatu-ktore-powinien-znac-takze-cudzoziemiec\/\">https:\/\/www.sjikp.us.edu.pl\/pl\/biblioteka-lektora\/literatura-i-kultura\/na-wyrywki-100-cytatow-z-polskiej-poezji-i-dramatu-ktore-powinien-znac-takze-cudzoziemiec\/<\/a><\/td><\/tr><tr><td><strong>Seria \u201eCzytaj po polsku\u201d<\/strong><br><strong>seria zielona (poziom A1\/A2)<\/strong><br>Boles\u0142aw Prus, Kamizelka, Z legend dawnego Egiptu<br>Henryk Sienkiewicz, Latarnik, Janko Muzykant<br>Stefan \u017beromski, Rozdziobi\u0105 nas kruki, wrony\u2026, Si\u0142aczka<br>Maria Konopnicka, Nasza szkapa, Eliza Orzeszkowa, Dobra pani<br>Eliza Orzeszkowa, Gloria victis<br><strong>seria niebieska (poziom B1\/B2)<\/strong><br>Tadeusz Borowski, Prosz\u0119 pa\u0144stwa do gazu, Zofia Na\u0142kowska, Przy torze kolejowym<br>Katarzyna Grochola, Zd\u0105\u017cy\u0107 przed pierwsz\u0105 gwiazdk\u0105<br>Zofia Na\u0142kowska, Przy torze kolejowym\u201d, Tadeusz Borowski: \u201eProsz\u0119 pa\u0144stwa do gazu<br>Katarzyna Bonda, Tylko martwi nie k\u0142ami\u0105<br>S\u0142awomir Mro\u017cek, List w butelce, Na pe\u0142nym morzu<br><strong>seria czerwona (poziom C1\/C2)<\/strong><br>Stanis\u0142aw Lem, Bajki robot\u00f3w<br>Andrzej Sapkowski, Wied\u017amin<br>Natasza Goerke, Paralele, Ryszard Kapu\u015bci\u0144ski, Wewn\u0105trz g\u00f3ry lodowej<br>Jacek Hugo-Bader, Mask\u0105 w stron\u0119 wiatru, W\u0142odzimierz Nowak, \u201eRadiobudzik pani Mohs<br>S\u0142awomir Mro\u017cek, Nocny ekspres<br>Olga Tokarczuk, Szafa<br>Stanis\u0142aw Lem, Jak ocala\u0142 \u015bwiat\u201d (B1\u2013B2, Maszyna Trurla (B2 \u2013C1), \u201eWyprawa pierwsza A, czyli Elektryba\u0142t Trurla\u201d (C1\u2013C2)<\/td><td><a href=\"https:\/\/www.sjikp.us.edu.pl\/pl\/publikacje\/publikacje-szkoly-jezyka-i-kultury-polskiej-uniwersytetu-slaskiego\/seria-czytaj-po-polsku\/\">https:\/\/www.sjikp.us.edu.pl\/pl\/publikacje\/publikacje-szkoly-jezyka-i-kultury-polskiej-uniwersytetu-slaskiego\/seria-czytaj-po-polsku\/<\/a><\/td><\/tr><tr><td><strong>Seria \u201eCzytam po polsku\u201d (poziom C1\/C2)<\/strong><br>Kol\u0119dy polskie<\/td><td><\/td><\/tr><tr><td><strong>Seria \u201eBilbioteka Interpretacji\u201d (poziomy B i C)<\/strong><br>D. Pawelec, Czytaj\u0105c Bara\u0144czaka<br>R. Cudak, Czytaj\u0105c Bia\u0142oszewskiego<br>J. Olejniczak, Czytaj\u0105c Mi\u0142osza<br>D. Opacka-Walasek, Czytaj\u0105c Herberta<\/td><td><\/td><\/tr><\/tbody><\/table><\/figure>\n","protected":false},"excerpt":{"rendered":"<p>Na wyrywki. 100 cytat\u00f3w z polskiej poezji i dramatu, kt\u00f3re powinien zna\u0107 tak\u017ce cudzoziemiecRed. R. Cudak, W. Hajduk-Gawron, A. Madeja https:\/\/www.sjikp.us.edu.pl\/pl\/biblioteka-lektora\/literatura-i-kultura\/na-wyrywki-100-cytatow-z-polskiej-poezji-i-dramatu-ktore-powinien-znac-takze-cudzoziemiec\/ Seria \u201eCzytaj po polsku\u201dseria zielona (poziom A1\/A2)Boles\u0142aw Prus, Kamizelka, Z legend dawnego EgiptuHenryk Sienkiewicz, Latarnik, Janko MuzykantStefan \u017beromski, Rozdziobi\u0105 nas kruki, wrony\u2026, Si\u0142aczkaMaria Konopnicka, Nasza szkapa, Eliza Orzeszkowa, Dobra paniEliza Orzeszkowa, Gloria victisseria niebieska<a class=\"moretag\" href=\"https:\/\/www.icbeh.us.edu.pl\/?page_id=236\"> >czytaj wi\u0119cej< <\/a><\/p>\n","protected":false},"author":2,"featured_media":0,"parent":0,"menu_order":0,"comment_status":"closed","ping_status":"closed","template":"","meta":{"footnotes":""},"class_list":["post-236","page","type-page","status-publish","hentry"],"_links":{"self":[{"href":"https:\/\/www.icbeh.us.edu.pl\/index.php?rest_route=\/wp\/v2\/pages\/236","targetHints":{"allow":["GET"]}}],"collection":[{"href":"https:\/\/www.icbeh.us.edu.pl\/index.php?rest_route=\/wp\/v2\/pages"}],"about":[{"href":"https:\/\/www.icbeh.us.edu.pl\/index.php?rest_route=\/wp\/v2\/types\/page"}],"author":[{"embeddable":true,"href":"https:\/\/www.icbeh.us.edu.pl\/index.php?rest_route=\/wp\/v2\/users\/2"}],"replies":[{"embeddable":true,"href":"https:\/\/www.icbeh.us.edu.pl\/index.php?rest_route=%2Fwp%2Fv2%2Fcomments&post=236"}],"version-history":[{"count":3,"href":"https:\/\/www.icbeh.us.edu.pl\/index.php?rest_route=\/wp\/v2\/pages\/236\/revisions"}],"predecessor-version":[{"id":322,"href":"https:\/\/www.icbeh.us.edu.pl\/index.php?rest_route=\/wp\/v2\/pages\/236\/revisions\/322"}],"wp:attachment":[{"href":"https:\/\/www.icbeh.us.edu.pl\/index.php?rest_route=%2Fwp%2Fv2%2Fmedia&parent=236"}],"curies":[{"name":"wp","href":"https:\/\/api.w.org\/{rel}","templated":true}]}}