{"id":232,"date":"2022-04-15T14:07:00","date_gmt":"2022-04-15T14:07:00","guid":{"rendered":"https:\/\/www.icbeh.us.edu.pl\/?page_id=232"},"modified":"2022-04-24T16:18:04","modified_gmt":"2022-04-24T16:18:04","slug":"literatura-polska","status":"publish","type":"page","link":"https:\/\/www.icbeh.us.edu.pl\/?page_id=232","title":{"rendered":"Literatura Polska"},"content":{"rendered":"\n<h2 class=\"wp-block-heading\">Online<\/h2>\n\n\n\n<figure class=\"wp-block-table is-style-stripes\"><table><tbody><tr><td><strong>Projekt \u201eLektury Pe\u0142ne Kultury\u201d<\/strong> (materia\u0142y do lektur szkolnych; Pomorska Fundacja J\u0119zyka Polskiego i Kultury Polskiej Polija)<\/td><td><a href=\"https:\/\/www.polija.org.pl\/2022\/02\/02\/projekty\/\">https:\/\/www.polija.org.pl\/2022\/02\/02\/projekty\/<\/a><\/td><\/tr><tr><td>Lektury szkolne w mistrzowskich wykonaniach; Program spo\u0142eczny Mistrz Mowy Polskiej<\/td><td><a href=\"https:\/\/www.mistrzmowy.pl\/lektury\/\">https:\/\/www.mistrzmowy.pl\/lektury\/<\/a><\/td><\/tr><tr><td><strong>Boles\u0142aw Prus, Kamizelka<\/strong> (U\u015a: seria Czytaj po polsku, t.1)<\/td><td><a href=\"https:\/\/www.sjikp.us.edu.pl\/pl\/publikacje\/publikacje-szkoly-jezyka-i-kultury-polskiej-uniwersytetu-slaskiego\/seria-czytaj-po-polsku\/czytaj-po-polsku-tom-01-boleslaw-prus-kamizelka-z-legend-dawnego-egiptu-materialy-pomocnicze-do-nauki-jezyka-polskiego-jako-obcego-edycja-dla-poczatkujacych-p\/\">https:\/\/www.sjikp.us.edu.pl\/pl\/publikacje\/publikacje-szkoly-jezyka-i-kultury-polskiej-uniwersytetu-slaskiego\/seria-czytaj-po-polsku\/czytaj-po-polsku-tom-01-boleslaw-prus-kamizelka-z-legend-dawnego-egiptu-materialy-pomocnicze-do-nauki-jezyka-polskiego-jako-obcego-edycja-dla-poczatkujacych-p\/<\/a><\/td><\/tr><tr><td><strong>Boles\u0142aw Prus, Z legend dawnego Egiptu<\/strong> (U\u015a: seria Czytaj po polsku, t.1)<\/td><td><a href=\"https:\/\/www.sjikp.us.edu.pl\/pl\/publikacje\/publikacje-szkoly-jezyka-i-kultury-polskiej-uniwersytetu-slaskiego\/seria-czytaj-po-polsku\/czytaj-po-polsku-tom-01-boleslaw-prus-kamizelka-z-legend-dawnego-egiptu-materialy-pomocnicze-do-nauki-jezyka-polskiego-jako-obcego-edycja-dla-poczatkujacych-p\/\">https:\/\/www.sjikp.us.edu.pl\/pl\/publikacje\/publikacje-szkoly-jezyka-i-kultury-polskiej-uniwersytetu-slaskiego\/seria-czytaj-po-polsku\/czytaj-po-polsku-tom-01-boleslaw-prus-kamizelka-z-legend-dawnego-egiptu-materialy-pomocnicze-do-nauki-jezyka-polskiego-jako-obcego-edycja-dla-poczatkujacych-p\/<\/a><\/td><\/tr><tr><td><strong>Henryk Sienkiewicz, Latarnik<\/strong> (U\u015a: seria Czytaj po polsku, t.2)<\/td><td><a href=\"https:\/\/www.sjikp.us.edu.pl\/pl\/publikacje\/publikacje-szkoly-jezyka-i-kultury-polskiej-uniwersytetu-slaskiego\/seria-czytaj-po-polsku\/czytaj-po-polsku-tom-02-henryk-sienkiewicz-latarnik-janko-muzykant-materialy-pomocnicze-do-nauki-jezyka-polskiego-jako-obcego-edycja-dla-poczatkujacych-poziom\/\">https:\/\/www.sjikp.us.edu.pl\/pl\/publikacje\/publikacje-szkoly-jezyka-i-kultury-polskiej-uniwersytetu-slaskiego\/seria-czytaj-po-polsku\/czytaj-po-polsku-tom-02-henryk-sienkiewicz-latarnik-janko-muzykant-materialy-pomocnicze-do-nauki-jezyka-polskiego-jako-obcego-edycja-dla-poczatkujacych-poziom\/<\/a><\/td><\/tr><tr><td><strong>Henryk Sienkiewicz, Janko muzykant<\/strong> (U\u015a: seria Czytaj po polsku, t.2)<\/td><td><a href=\"https:\/\/www.sjikp.us.edu.pl\/pl\/publikacje\/publikacje-szkoly-jezyka-i-kultury-polskiej-uniwersytetu-slaskiego\/seria-czytaj-po-polsku\/czytaj-po-polsku-tom-02-henryk-sienkiewicz-latarnik-janko-muzykant-materialy-pomocnicze-do-nauki-jezyka-polskiego-jako-obcego-edycja-dla-poczatkujacych-poziom\/\">https:\/\/www.sjikp.us.edu.pl\/pl\/publikacje\/publikacje-szkoly-jezyka-i-kultury-polskiej-uniwersytetu-slaskiego\/seria-czytaj-po-polsku\/czytaj-po-polsku-tom-02-henryk-sienkiewicz-latarnik-janko-muzykant-materialy-pomocnicze-do-nauki-jezyka-polskiego-jako-obcego-edycja-dla-poczatkujacych-poziom\/<\/a><\/td><\/tr><tr><td><strong>Maria Konopnicka, Nasza szkapa<\/strong> (U\u015a: seria Czytaj po polsku, t.3)<\/td><td><a href=\"https:\/\/www.sjikp.us.edu.pl\/pl\/publikacje\/publikacje-szkoly-jezyka-i-kultury-polskiej-uniwersytetu-slaskiego\/seria-czytaj-po-polsku\/czytaj-po-polsku-tom-03-maria-konopnicka-nasza-szkapa-eliza-orzeszkowa-dobra-pani-materialy-pomocnicze-do-nauki-jezyka-polskiego-jako-obcego-edycja-dla-poczatk\/\">https:\/\/www.sjikp.us.edu.pl\/pl\/publikacje\/publikacje-szkoly-jezyka-i-kultury-polskiej-uniwersytetu-slaskiego\/seria-czytaj-po-polsku\/czytaj-po-polsku-tom-03-maria-konopnicka-nasza-szkapa-eliza-orzeszkowa-dobra-pani-materialy-pomocnicze-do-nauki-jezyka-polskiego-jako-obcego-edycja-dla-poczatk\/<\/a><\/td><\/tr><tr><td><strong>Eliza Orzeszkowa, Dobra pani <\/strong>(U\u015a: Czytaj po polsku, t.3)<\/td><td><a href=\"https:\/\/www.sjikp.us.edu.pl\/pl\/publikacje\/publikacje-szkoly-jezyka-i-kultury-polskiej-uniwersytetu-slaskiego\/seria-czytaj-po-polsku\/czytaj-po-polsku-tom-03-maria-konopnicka-nasza-szkapa-eliza-orzeszkowa-dobra-pani-materialy-pomocnicze-do-nauki-jezyka-polskiego-jako-obcego-edycja-dla-poczatk\/\">https:\/\/www.sjikp.us.edu.pl\/pl\/publikacje\/publikacje-szkoly-jezyka-i-kultury-polskiej-uniwersytetu-slaskiego\/seria-czytaj-po-polsku\/czytaj-po-polsku-tom-03-maria-konopnicka-nasza-szkapa-eliza-orzeszkowa-dobra-pani-materialy-pomocnicze-do-nauki-jezyka-polskiego-jako-obcego-edycja-dla-poczatk\/<\/a><\/td><\/tr><tr><td><strong>Stefan \u017beromski, Si\u0142aczka <\/strong>(U\u015a: Czytaj po polsku, t.4)<\/td><td><a href=\"https:\/\/www.sjikp.us.edu.pl\/pl\/publikacje\/publikacje-szkoly-jezyka-i-kultury-polskiej-uniwersytetu-slaskiego\/seria-czytaj-po-polsku\/czytaj-po-polsku-tom-04-stefan-zeromski-silaczka-rozdziobia-nas-kruki-wrony-materialy-pomocnicze-do-nauki-jezyka-polskiego-jako-obcego-edycja-dla-poczatkuj\/\">https:\/\/www.sjikp.us.edu.pl\/pl\/publikacje\/publikacje-szkoly-jezyka-i-kultury-polskiej-uniwersytetu-slaskiego\/seria-czytaj-po-polsku\/czytaj-po-polsku-tom-04-stefan-zeromski-silaczka-rozdziobia-nas-kruki-wrony-materialy-pomocnicze-do-nauki-jezyka-polskiego-jako-obcego-edycja-dla-poczatkuj\/<\/a><\/td><\/tr><tr><td><strong>Stefan \u017beromski, Rozdziobi\u0105 nas kruki, wrony\u2026<\/strong> (U\u015a: Czytaj po polsku, t.4)<\/td><td><a href=\"https:\/\/www.sjikp.us.edu.pl\/pl\/publikacje\/publikacje-szkoly-jezyka-i-kultury-polskiej-uniwersytetu-slaskiego\/seria-czytaj-po-polsku\/czytaj-po-polsku-tom-04-stefan-zeromski-silaczka-rozdziobia-nas-kruki-wrony-materialy-pomocnicze-do-nauki-jezyka-polskiego-jako-obcego-edycja-dla-poczatkuj\/\">https:\/\/www.sjikp.us.edu.pl\/pl\/publikacje\/publikacje-szkoly-jezyka-i-kultury-polskiej-uniwersytetu-slaskiego\/seria-czytaj-po-polsku\/czytaj-po-polsku-tom-04-stefan-zeromski-silaczka-rozdziobia-nas-kruki-wrony-materialy-pomocnicze-do-nauki-jezyka-polskiego-jako-obcego-edycja-dla-poczatkuj\/<\/a><\/td><\/tr><tr><td>A. Trze\u015bniewska-Nowak<br>Antologia wierszy dla dzieci z zadaniami<br>UMCS<\/td><td><a href=\"https:\/\/phavi.umcs.pl\/at\/attachments\/2021\/0127\/125428-antologia-wierszy.pdf?fbclid=IwAR3oZZNLRuRO5o5UFnkNwrDGiZ19jb0unTtUFkk9QbFY7cvC8jO4B8l4WFc&amp;utm_source=pocket_mylist\">https:\/\/phavi.umcs.pl\/at\/attachments\/2021\/0127\/125428-antologia-wierszy.pdf?fbclid=IwAR3oZZNLRuRO5o5UFnkNwrDGiZ19jb0unTtUFkk9QbFY7cvC8jO4B8l4WFc&amp;utm_source=pocket_mylist<\/a><br><br><a href=\"https:\/\/phavi.umcs.pl\/at\/attachments\/2021\/0201\/141736-antologia-wierszy-poradnik-metodyczny.pdf\" class=\"mtli_attachment mtli_pdf\">https:\/\/phavi.umcs.pl\/at\/attachments\/2021\/0201\/141736-antologia-wierszy-poradnik-metodyczny.pdf<\/a><\/td><\/tr><tr><td>Poezja jako eksperyment j\u0119zykowy, cz. I<br><br>Julian Tuwim \u201eS\u0142opiewnie\u201d.&nbsp;<br>R. Cudak<\/td><td><a href=\"https:\/\/youtu.be\/1NQBA7_eBBE\">https:\/\/youtu.be\/1NQBA7_eBBE<\/a><\/td><\/tr><tr><td>Poezja jako eksperyment j\u0119zykowy, cz. II<br><br>Miron Bia\u0142oszewski.&nbsp;<br>R. Cudak<\/td><td><a href=\"https:\/\/youtu.be\/_DA9oSQf47g\">https:\/\/youtu.be\/_DA9oSQf47g<\/a><\/td><\/tr><\/tbody><\/table><\/figure>\n\n\n\n<h2 class=\"wp-block-heading\">Ksi\u0105\u017cki<\/h2>\n\n\n\n<figure class=\"wp-block-table is-style-stripes\"><table><tbody><tr><td><strong>Na wyrywki. 100 cytat\u00f3w z polskiej poezji i dramatu, kt\u00f3re powinien zna\u0107 tak\u017ce cudzoziemiec<\/strong><br>Red. R. Cudak, W. Hajduk-Gawron, A. Madeja<\/td><td><a href=\"https:\/\/www.sjikp.us.edu.pl\/pl\/biblioteka-lektora\/literatura-i-kultura\/na-wyrywki-100-cytatow-z-polskiej-poezji-i-dramatu-ktore-powinien-znac-takze-cudzoziemiec\/\">https:\/\/www.sjikp.us.edu.pl\/pl\/biblioteka-lektora\/literatura-i-kultura\/na-wyrywki-100-cytatow-z-polskiej-poezji-i-dramatu-ktore-powinien-znac-takze-cudzoziemiec\/<\/a><\/td><\/tr><tr><td><strong>Seria \u201eCzytaj po polsku\u201d<\/strong><br><strong>seria zielona (poziom A1\/A2)<\/strong><br>Boles\u0142aw Prus, Kamizelka, Z legend dawnego Egiptu<br>Henryk Sienkiewicz, Latarnik, Janko Muzykant<br>Stefan \u017beromski, Rozdziobi\u0105 nas kruki, wrony\u2026, Si\u0142aczka<br>Maria Konopnicka, Nasza szkapa, Eliza Orzeszkowa, Dobra pani<br>Eliza Orzeszkowa, Gloria victis<br><strong>seria niebieska (poziom B1\/B2)<\/strong><br>Tadeusz Borowski, Prosz\u0119 pa\u0144stwa do gazu, Zofia Na\u0142kowska, Przy torze kolejowym<br>Katarzyna Grochola, Zd\u0105\u017cy\u0107 przed pierwsz\u0105 gwiazdk\u0105<br>Zofia Na\u0142kowska, Przy torze kolejowym\u201d, Tadeusz Borowski: \u201eProsz\u0119 pa\u0144stwa do gazu<br>Katarzyna Bonda, Tylko martwi nie k\u0142ami\u0105<br>S\u0142awomir Mro\u017cek, List w butelce, Na pe\u0142nym morzu<br><strong>seria czerwona (poziom C1\/C2)<\/strong><br>Stanis\u0142aw Lem, Bajki robot\u00f3w<br>Andrzej Sapkowski, Wied\u017amin<br>Natasza Goerke, Paralele, Ryszard Kapu\u015bci\u0144ski, Wewn\u0105trz g\u00f3ry lodowej<br>Jacek Hugo-Bader, Mask\u0105 w stron\u0119 wiatru, W\u0142odzimierz Nowak, \u201eRadiobudzik pani Mohs<br>S\u0142awomir Mro\u017cek, Nocny ekspres<br>Olga Tokarczuk, Szafa<br>Stanis\u0142aw Lem, Jak ocala\u0142 \u015bwiat\u201d (B1\u2013B2, Maszyna Trurla (B2 \u2013C1), \u201eWyprawa pierwsza A, czyli Elektryba\u0142t Trurla\u201d (C1\u2013C2)<\/td><td><a href=\"https:\/\/www.sjikp.us.edu.pl\/pl\/publikacje\/publikacje-szkoly-jezyka-i-kultury-polskiej-uniwersytetu-slaskiego\/seria-czytaj-po-polsku\/\">https:\/\/www.sjikp.us.edu.pl\/pl\/publikacje\/publikacje-szkoly-jezyka-i-kultury-polskiej-uniwersytetu-slaskiego\/seria-czytaj-po-polsku\/<\/a><\/td><\/tr><tr><td><strong>Seria \u201eCzytam po polsku\u201d (poziom C1\/C2)<\/strong><br>Kol\u0119dy polskie<\/td><td><\/td><\/tr><tr><td><strong>Seria \u201eBilbioteka Interpretacji\u201d (poziomy B i C)<\/strong><br>D. Pawelec, Czytaj\u0105c Bara\u0144czaka<br>R. Cudak, Czytaj\u0105c Bia\u0142oszewskiego<br>J. Olejniczak, Czytaj\u0105c Mi\u0142osza<br>D. Opacka-Walasek, Czytaj\u0105c Herberta<\/td><td><\/td><\/tr><\/tbody><\/table><\/figure>\n","protected":false},"excerpt":{"rendered":"<p>Online Projekt \u201eLektury Pe\u0142ne Kultury\u201d (materia\u0142y do lektur szkolnych; Pomorska Fundacja J\u0119zyka Polskiego i Kultury Polskiej Polija) https:\/\/www.polija.org.pl\/2022\/02\/02\/projekty\/ Lektury szkolne w mistrzowskich wykonaniach; Program spo\u0142eczny Mistrz Mowy Polskiej https:\/\/www.mistrzmowy.pl\/lektury\/ Boles\u0142aw Prus, Kamizelka (U\u015a: seria Czytaj po polsku, t.1) https:\/\/www.sjikp.us.edu.pl\/pl\/publikacje\/publikacje-szkoly-jezyka-i-kultury-polskiej-uniwersytetu-slaskiego\/seria-czytaj-po-polsku\/czytaj-po-polsku-tom-01-boleslaw-prus-kamizelka-z-legend-dawnego-egiptu-materialy-pomocnicze-do-nauki-jezyka-polskiego-jako-obcego-edycja-dla-poczatkujacych-p\/ Boles\u0142aw Prus, Z legend dawnego Egiptu (U\u015a: seria Czytaj po polsku, t.1) https:\/\/www.sjikp.us.edu.pl\/pl\/publikacje\/publikacje-szkoly-jezyka-i-kultury-polskiej-uniwersytetu-slaskiego\/seria-czytaj-po-polsku\/czytaj-po-polsku-tom-01-boleslaw-prus-kamizelka-z-legend-dawnego-egiptu-materialy-pomocnicze-do-nauki-jezyka-polskiego-jako-obcego-edycja-dla-poczatkujacych-p\/ Henryk Sienkiewicz, Latarnik<a class=\"moretag\" href=\"https:\/\/www.icbeh.us.edu.pl\/?page_id=232\"> >czytaj wi\u0119cej< <\/a><\/p>\n","protected":false},"author":2,"featured_media":0,"parent":0,"menu_order":0,"comment_status":"closed","ping_status":"closed","template":"","meta":{"footnotes":""},"class_list":["post-232","page","type-page","status-publish","hentry"],"_links":{"self":[{"href":"https:\/\/www.icbeh.us.edu.pl\/index.php?rest_route=\/wp\/v2\/pages\/232","targetHints":{"allow":["GET"]}}],"collection":[{"href":"https:\/\/www.icbeh.us.edu.pl\/index.php?rest_route=\/wp\/v2\/pages"}],"about":[{"href":"https:\/\/www.icbeh.us.edu.pl\/index.php?rest_route=\/wp\/v2\/types\/page"}],"author":[{"embeddable":true,"href":"https:\/\/www.icbeh.us.edu.pl\/index.php?rest_route=\/wp\/v2\/users\/2"}],"replies":[{"embeddable":true,"href":"https:\/\/www.icbeh.us.edu.pl\/index.php?rest_route=%2Fwp%2Fv2%2Fcomments&post=232"}],"version-history":[{"count":2,"href":"https:\/\/www.icbeh.us.edu.pl\/index.php?rest_route=\/wp\/v2\/pages\/232\/revisions"}],"predecessor-version":[{"id":351,"href":"https:\/\/www.icbeh.us.edu.pl\/index.php?rest_route=\/wp\/v2\/pages\/232\/revisions\/351"}],"wp:attachment":[{"href":"https:\/\/www.icbeh.us.edu.pl\/index.php?rest_route=%2Fwp%2Fv2%2Fmedia&parent=232"}],"curies":[{"name":"wp","href":"https:\/\/api.w.org\/{rel}","templated":true}]}}