{"id":220,"date":"2022-04-15T14:05:27","date_gmt":"2022-04-15T14:05:27","guid":{"rendered":"https:\/\/www.icbeh.us.edu.pl\/?page_id=220"},"modified":"2022-04-24T15:38:31","modified_gmt":"2022-04-24T15:38:31","slug":"kanaly-edukacyjne","status":"publish","type":"page","link":"https:\/\/www.icbeh.us.edu.pl\/?page_id=220","title":{"rendered":"Kana\u0142y edukacyjne"},"content":{"rendered":"\n<figure class=\"wp-block-table is-style-stripes\"><table><tbody><tr><td><strong>Polski z Ani\u0105<\/strong><br><br>Anna Rabczuk<br><strong>Polski z Ani\u0105<\/strong><br>Kana\u0142 edukacyjny na YT<br>Darmowe materia\u0142y przydatne nie tylko dla cudzoziemek i cudzoziemc\u00f3w ucz\u0105cych si\u0119 polskiego, ale i pocz\u0105tkuj\u0105cych lektorek i lektor\u00f3w \u2013 kr\u00f3tkie wyk\u0142ady z gramatyki polskiej.<\/td><td><a href=\"https:\/\/www.youtube.com\/channel\/UCOJ8InFS6bdCVzsZKIdmK4w\" target=\"_blank\" rel=\"noreferrer noopener\">https:\/\/www.youtube.com\/channel\/UCOJ8InFS6bdCVzsZKIdmK4w<\/a><\/td><\/tr><tr><td><strong>Polska P\u00f3\u0142ka Filmowa<\/strong><br><br>Webinaria i posty na temat filmu polskiego, s\u0142ownictwa specjalistycznego, metodyki nauczania j\u0119zyka polskiego jako obcego i in.<\/td><td><a href=\"https:\/\/polskapolkafilmowa.pl\/\" target=\"_blank\" rel=\"noreferrer noopener\">https:\/\/polskapolkafilmowa.pl\/<\/a><\/td><\/tr><\/tbody><\/table><\/figure>\n","protected":false},"excerpt":{"rendered":"<p>Polski z Ani\u0105 Anna RabczukPolski z Ani\u0105Kana\u0142 edukacyjny na YTDarmowe materia\u0142y przydatne nie tylko dla cudzoziemek i cudzoziemc\u00f3w ucz\u0105cych si\u0119 polskiego, ale i pocz\u0105tkuj\u0105cych lektorek i lektor\u00f3w \u2013 kr\u00f3tkie wyk\u0142ady z gramatyki polskiej. https:\/\/www.youtube.com\/channel\/UCOJ8InFS6bdCVzsZKIdmK4w Polska P\u00f3\u0142ka Filmowa Webinaria i posty na temat filmu polskiego, s\u0142ownictwa specjalistycznego, metodyki nauczania j\u0119zyka polskiego jako obcego i in. https:\/\/polskapolkafilmowa.pl\/<\/p>\n","protected":false},"author":2,"featured_media":0,"parent":0,"menu_order":0,"comment_status":"closed","ping_status":"closed","template":"","meta":{"footnotes":""},"class_list":["post-220","page","type-page","status-publish","hentry"],"_links":{"self":[{"href":"https:\/\/www.icbeh.us.edu.pl\/index.php?rest_route=\/wp\/v2\/pages\/220","targetHints":{"allow":["GET"]}}],"collection":[{"href":"https:\/\/www.icbeh.us.edu.pl\/index.php?rest_route=\/wp\/v2\/pages"}],"about":[{"href":"https:\/\/www.icbeh.us.edu.pl\/index.php?rest_route=\/wp\/v2\/types\/page"}],"author":[{"embeddable":true,"href":"https:\/\/www.icbeh.us.edu.pl\/index.php?rest_route=\/wp\/v2\/users\/2"}],"replies":[{"embeddable":true,"href":"https:\/\/www.icbeh.us.edu.pl\/index.php?rest_route=%2Fwp%2Fv2%2Fcomments&post=220"}],"version-history":[{"count":3,"href":"https:\/\/www.icbeh.us.edu.pl\/index.php?rest_route=\/wp\/v2\/pages\/220\/revisions"}],"predecessor-version":[{"id":319,"href":"https:\/\/www.icbeh.us.edu.pl\/index.php?rest_route=\/wp\/v2\/pages\/220\/revisions\/319"}],"wp:attachment":[{"href":"https:\/\/www.icbeh.us.edu.pl\/index.php?rest_route=%2Fwp%2Fv2%2Fmedia&parent=220"}],"curies":[{"name":"wp","href":"https:\/\/api.w.org\/{rel}","templated":true}]}}