{"id":208,"date":"2022-04-15T14:03:35","date_gmt":"2022-04-15T14:03:35","guid":{"rendered":"https:\/\/www.icbeh.us.edu.pl\/?page_id=208"},"modified":"2022-04-24T15:47:52","modified_gmt":"2022-04-24T15:47:52","slug":"programy-i-aplikacje","status":"publish","type":"page","link":"https:\/\/www.icbeh.us.edu.pl\/?page_id=208","title":{"rendered":"Programy i aplikacje"},"content":{"rendered":"\n<figure class=\"wp-block-table is-style-stripes\"><table><tbody><tr><td>Pakiet edukacyjny dla dzieci z Ameryki \u0141aci\u0144skiej<\/td><td><a href=\"http:\/\/www.podrecznikipolonijne.pl\/?fbclid=IwAR3Kw5vEvTMCBlIe_UKpIrpoNEhPa-ttnPPe9JIhsqm-doilJRy9OP8TS5Q\">http:\/\/www.podrecznikipolonijne.pl\/?fbclid=IwAR3Kw5vEvTMCBlIe_UKpIrpoNEhPa-ttnPPe9JIhsqm-doilJRy9OP8TS5Q<\/a><\/td><\/tr><tr><td>Truchcikiem z Kopernikiem<br>UMK<\/td><td><a href=\"https:\/\/www.umk.pl\/uczelnia\/dydaktyczne\/skjpo\/truchcikiem-z-kopernikiem\/?fbclid=IwAR2Ll3L9gIfn1fHI2x6yIfa62QQ6QZavNF33SF-ydaaJfvfreIaW8vlV0qc\">https:\/\/www.umk.pl\/uczelnia\/dydaktyczne\/skjpo\/truchcikiem-z-kopernikiem\/?fbclid=IwAR2Ll3L9gIfn1fHI2x6yIfa62QQ6QZavNF33SF-ydaaJfvfreIaW8vlV0qc<\/a><\/td><\/tr><tr><td>A to polski w\u0142a\u015bnie<br>Podr\u0119cznik do nauki j\u0119zyka polskiego dla m\u0142odzie\u017cy polskiej&nbsp; na Wschodzie<br><\/td><td><a href=\"https:\/\/static.zpe.gov.pl\/portal\/f\/res\/R8qHv5Y5N2yNR\/1647259030\/2QO7dTXPLA6rEY7KhqUTy8GSe6GI95pF.pdf\" class=\"mtli_attachment mtli_pdf\">https:\/\/static.zpe.gov.pl\/portal\/f\/res\/R8qHv5Y5N2yNR\/1647259030\/2QO7dTXPLA6rEY7KhqUTy8GSe6GI95pF.pdf<\/a><\/td><\/tr><tr><td>\u0106wiczenia online U\u015a<\/td><td><a href=\"https:\/\/www.sjikp.us.edu.pl\/pl\/e-nauczanie-2\/cwiczenia\/\">https:\/\/www.sjikp.us.edu.pl\/pl\/e-nauczanie-2\/cwiczenia\/<\/a><\/td><\/tr><tr><td>Poznaj Polsk\u0119!<br>Interaktywna gra familijna; ORPEG<\/td><td><a href=\"https:\/\/poznajpolske.orpeg.pl\/\">https:\/\/poznajpolske.orpeg.pl\/<\/a><\/td><\/tr><tr><td>Frazpol<br>Nauka polskiej frazeologii<\/td><td><a href=\"http:\/\/sjikp.old.us.edu.pl\/frazpol\/index.php\">http:\/\/sjikp.old.us.edu.pl\/frazpol\/index.php<\/a><\/td><\/tr><tr><td>Grampol<br>Nauka polskiej gramatyki<\/td><td><a href=\"https:\/\/www.sjikp.us.edu.pl\/pl\/publikacje\/e-nauczanie\/grampol\/\">https:\/\/www.sjikp.us.edu.pl\/pl\/publikacje\/e-nauczanie\/grampol\/<\/a><\/td><\/tr><tr><td>Eduelo \u2013 platforma; narz\u0119dzie edukacyjne, zaprojektowane tak, aby nauka by\u0142a gr\u0105<\/td><td><a href=\"https:\/\/www.eduelo.pl\/\">https:\/\/www.eduelo.pl\/<\/a><\/td><\/tr><tr><td>100 fakt\u00f3w z historii Polski<\/td><td><a href=\"https:\/\/100faktowzhistorii.pl\/\">https:\/\/100faktowzhistorii.pl\/<\/a><\/td><\/tr><tr><td>O filmie po polsku<br>&#8211; lekcje j\u0119zyka polskiego zwi\u0105zane ze s\u0142ownictwem filmowym<\/td><td><a href=\"https:\/\/www.sjikp.us.edu.pl\/pl\/publikacje\/e-nauczanie\/o-filmie-po-polsku\/\">https:\/\/www.sjikp.us.edu.pl\/pl\/publikacje\/e-nauczanie\/o-filmie-po-polsku\/<\/a><\/td><\/tr><tr><td>Polski online<br>U\u015a; meeting point<\/td><td><a href=\"http:\/\/polskionline.us.edu.pl\/site\/task-list\">http:\/\/polskionline.us.edu.pl\/site\/task-list<br><\/a><\/td><\/tr><\/tbody><\/table><\/figure>\n","protected":false},"excerpt":{"rendered":"<p>Pakiet edukacyjny dla dzieci z Ameryki \u0141aci\u0144skiej http:\/\/www.podrecznikipolonijne.pl\/?fbclid=IwAR3Kw5vEvTMCBlIe_UKpIrpoNEhPa-ttnPPe9JIhsqm-doilJRy9OP8TS5Q Truchcikiem z KopernikiemUMK https:\/\/www.umk.pl\/uczelnia\/dydaktyczne\/skjpo\/truchcikiem-z-kopernikiem\/?fbclid=IwAR2Ll3L9gIfn1fHI2x6yIfa62QQ6QZavNF33SF-ydaaJfvfreIaW8vlV0qc A to polski w\u0142a\u015bniePodr\u0119cznik do nauki j\u0119zyka polskiego dla m\u0142odzie\u017cy polskiej&nbsp; na Wschodzie https:\/\/static.zpe.gov.pl\/portal\/f\/res\/R8qHv5Y5N2yNR\/1647259030\/2QO7dTXPLA6rEY7KhqUTy8GSe6GI95pF.pdf \u0106wiczenia online U\u015a https:\/\/www.sjikp.us.edu.pl\/pl\/e-nauczanie-2\/cwiczenia\/ Poznaj Polsk\u0119!Interaktywna gra familijna; ORPEG https:\/\/poznajpolske.orpeg.pl\/ FrazpolNauka polskiej frazeologii http:\/\/sjikp.old.us.edu.pl\/frazpol\/index.php GrampolNauka polskiej gramatyki https:\/\/www.sjikp.us.edu.pl\/pl\/publikacje\/e-nauczanie\/grampol\/ Eduelo \u2013 platforma; narz\u0119dzie edukacyjne, zaprojektowane tak, aby nauka by\u0142a gr\u0105<a class=\"moretag\" href=\"https:\/\/www.icbeh.us.edu.pl\/?page_id=208\"> >czytaj wi\u0119cej< <\/a><\/p>\n","protected":false},"author":2,"featured_media":0,"parent":0,"menu_order":0,"comment_status":"closed","ping_status":"closed","template":"","meta":{"footnotes":""},"class_list":["post-208","page","type-page","status-publish","hentry"],"_links":{"self":[{"href":"https:\/\/www.icbeh.us.edu.pl\/index.php?rest_route=\/wp\/v2\/pages\/208","targetHints":{"allow":["GET"]}}],"collection":[{"href":"https:\/\/www.icbeh.us.edu.pl\/index.php?rest_route=\/wp\/v2\/pages"}],"about":[{"href":"https:\/\/www.icbeh.us.edu.pl\/index.php?rest_route=\/wp\/v2\/types\/page"}],"author":[{"embeddable":true,"href":"https:\/\/www.icbeh.us.edu.pl\/index.php?rest_route=\/wp\/v2\/users\/2"}],"replies":[{"embeddable":true,"href":"https:\/\/www.icbeh.us.edu.pl\/index.php?rest_route=%2Fwp%2Fv2%2Fcomments&post=208"}],"version-history":[{"count":3,"href":"https:\/\/www.icbeh.us.edu.pl\/index.php?rest_route=\/wp\/v2\/pages\/208\/revisions"}],"predecessor-version":[{"id":329,"href":"https:\/\/www.icbeh.us.edu.pl\/index.php?rest_route=\/wp\/v2\/pages\/208\/revisions\/329"}],"wp:attachment":[{"href":"https:\/\/www.icbeh.us.edu.pl\/index.php?rest_route=%2Fwp%2Fv2%2Fmedia&parent=208"}],"curies":[{"name":"wp","href":"https:\/\/api.w.org\/{rel}","templated":true}]}}