{"id":206,"date":"2022-04-15T14:03:16","date_gmt":"2022-04-15T14:03:16","guid":{"rendered":"https:\/\/www.icbeh.us.edu.pl\/?page_id=206"},"modified":"2022-04-24T15:59:43","modified_gmt":"2022-04-24T15:59:43","slug":"wymowa","status":"publish","type":"page","link":"https:\/\/www.icbeh.us.edu.pl\/?page_id=206","title":{"rendered":"Wymowa"},"content":{"rendered":"\n<figure class=\"wp-block-table is-style-stripes\"><table><tbody><tr><td><strong>G\u0142oski polskie<\/strong><br><br>M. Macio\u0142ek, J. Tambor<br>G\u0142oski polskie. Przewodnik fonetyczny dla cudzoziemc\u00f3w i nauczycieli ucz\u0105cych j\u0119zyka polskiego jako obcego<br><br>Tekst podr\u0119cznika-poradnika i nagrania<br><\/td><td><a href=\"https:\/\/www.sjikp.us.edu.pl\/pl\/publikacje\/publikacje-szkoly-jezyka-i-kultury-polskiej-uniwersytetu-slaskiego\/podreczniki-dodatkowe-i-zbiory-cwiczen\/gloski-polskie-przewodnik-fonetyczny-dla-cudzoziemcow-i-nauczycieli-uczacych-jezyka-polskiego-jako-obcego\/\" target=\"_blank\" rel=\"noreferrer noopener\">https:\/\/www.sjikp.us.edu.pl\/pl\/publikacje\/publikacje-szkoly-jezyka-i-kultury-polskiej-uniwersytetu-slaskiego\/podreczniki-dodatkowe-i-zbiory-cwiczen\/gloski-polskie-przewodnik-fonetyczny-dla-cudzoziemcow-i-nauczycieli-uczacych-jezyka-polskiego-jako-obcego\/<\/a><\/td><\/tr><tr><td><strong>PolFon<\/strong><br><br>Portal po\u015bwi\u0119cony polskiej fonetyce<\/td><td><a href=\"http:\/\/polfon.upol.cz\/\" target=\"_blank\" rel=\"noreferrer noopener\">http:\/\/polfon.upol.cz\/<\/a><\/td><\/tr><tr><td><strong>Wymowa Polska<\/strong><\/td><td><a href=\"http:\/\/wymowapolska.pl\/\" target=\"_blank\" rel=\"noreferrer noopener\">http:\/\/wymowapolska.pl\/<\/a><\/td><\/tr><tr><td>Liliana Madelska, program internetowy do uczenia i diagnozowania poprawnej wymowy polskiej<\/td><td><\/td><\/tr><\/tbody><\/table><\/figure>\n","protected":false},"excerpt":{"rendered":"<p>G\u0142oski polskie M. Macio\u0142ek, J. TamborG\u0142oski polskie. Przewodnik fonetyczny dla cudzoziemc\u00f3w i nauczycieli ucz\u0105cych j\u0119zyka polskiego jako obcego Tekst podr\u0119cznika-poradnika i nagrania https:\/\/www.sjikp.us.edu.pl\/pl\/publikacje\/publikacje-szkoly-jezyka-i-kultury-polskiej-uniwersytetu-slaskiego\/podreczniki-dodatkowe-i-zbiory-cwiczen\/gloski-polskie-przewodnik-fonetyczny-dla-cudzoziemcow-i-nauczycieli-uczacych-jezyka-polskiego-jako-obcego\/ PolFon Portal po\u015bwi\u0119cony polskiej fonetyce http:\/\/polfon.upol.cz\/ Wymowa Polska http:\/\/wymowapolska.pl\/ Liliana Madelska, program internetowy do uczenia i diagnozowania poprawnej wymowy polskiej<\/p>\n","protected":false},"author":2,"featured_media":0,"parent":0,"menu_order":0,"comment_status":"closed","ping_status":"closed","template":"","meta":{"footnotes":""},"class_list":["post-206","page","type-page","status-publish","hentry"],"_links":{"self":[{"href":"https:\/\/www.icbeh.us.edu.pl\/index.php?rest_route=\/wp\/v2\/pages\/206","targetHints":{"allow":["GET"]}}],"collection":[{"href":"https:\/\/www.icbeh.us.edu.pl\/index.php?rest_route=\/wp\/v2\/pages"}],"about":[{"href":"https:\/\/www.icbeh.us.edu.pl\/index.php?rest_route=\/wp\/v2\/types\/page"}],"author":[{"embeddable":true,"href":"https:\/\/www.icbeh.us.edu.pl\/index.php?rest_route=\/wp\/v2\/users\/2"}],"replies":[{"embeddable":true,"href":"https:\/\/www.icbeh.us.edu.pl\/index.php?rest_route=%2Fwp%2Fv2%2Fcomments&post=206"}],"version-history":[{"count":3,"href":"https:\/\/www.icbeh.us.edu.pl\/index.php?rest_route=\/wp\/v2\/pages\/206\/revisions"}],"predecessor-version":[{"id":343,"href":"https:\/\/www.icbeh.us.edu.pl\/index.php?rest_route=\/wp\/v2\/pages\/206\/revisions\/343"}],"wp:attachment":[{"href":"https:\/\/www.icbeh.us.edu.pl\/index.php?rest_route=%2Fwp%2Fv2%2Fmedia&parent=206"}],"curies":[{"name":"wp","href":"https:\/\/api.w.org\/{rel}","templated":true}]}}